{"id":10,"date":"2025-11-01T17:34:51","date_gmt":"2025-11-01T17:34:51","guid":{"rendered":"https:\/\/escuelateologica.cl\/?page_id=10"},"modified":"2026-03-04T00:21:45","modified_gmt":"2026-03-04T00:21:45","slug":"programas","status":"publish","type":"page","link":"https:\/\/escuelateologica.cl\/?page_id=10","title":{"rendered":"Programas"},"content":{"rendered":"\n<figure class=\"wp-block-image aligncenter size-full\"><img loading=\"lazy\" decoding=\"async\" width=\"700\" height=\"350\" src=\"https:\/\/escuelateologica.cl\/wp-content\/uploads\/2025\/11\/libros-antiguos.jpg\" alt=\"\" class=\"wp-image-305\" srcset=\"https:\/\/escuelateologica.cl\/wp-content\/uploads\/2025\/11\/libros-antiguos.jpg 700w, https:\/\/escuelateologica.cl\/wp-content\/uploads\/2025\/11\/libros-antiguos-300x150.jpg 300w\" sizes=\"auto, (max-width: 700px) 100vw, 700px\" \/><\/figure>\n\n\n\n<div class=\"wp-block-columns alignwide is-layout-flex wp-container-core-columns-is-layout-28f84493 wp-block-columns-is-layout-flex\">\n<div class=\"wp-block-column is-layout-flow wp-block-column-is-layout-flow\">\n<p class=\"has-text-align-center has-large-font-size\"><strong>PROGRAMAS<\/strong><\/p>\n\n\n\n<p class=\"has-small-font-size\">La Escuela de Teolog\u00eda y Posgrado (ETP) asume el compromiso de ofrecer una educaci\u00f3n teol\u00f3gica integral, contextualizada y transformadora, que responda a los desaf\u00edos de la Iglesia y la sociedad latinoamericana. Nuestro modelo educativo articula fe, conocimiento y acci\u00f3n, reconociendo que la formaci\u00f3n teol\u00f3gica no es solo una tarea acad\u00e9mica, sino tambi\u00e9n espiritual, pastoral y comunitaria.<\/p>\n\n\n\n<p><\/p>\n\n\n\n<div class=\"wp-block-columns is-layout-flex wp-container-core-columns-is-layout-28f84493 wp-block-columns-is-layout-flex\">\n<div class=\"wp-block-column is-layout-flow wp-block-column-is-layout-flow\">\n<figure class=\"wp-block-image aligncenter size-full is-resized\"><a href=\"https:\/\/escuelateologica.cl\/?page_id=395\"><img loading=\"lazy\" decoding=\"async\" width=\"385\" height=\"484\" src=\"https:\/\/escuelateologica.cl\/wp-content\/uploads\/2025\/11\/diplomado-mas-rojito-1.png\" alt=\"\" class=\"wp-image-115\" style=\"width:45px;height:auto\" srcset=\"https:\/\/escuelateologica.cl\/wp-content\/uploads\/2025\/11\/diplomado-mas-rojito-1.png 385w, https:\/\/escuelateologica.cl\/wp-content\/uploads\/2025\/11\/diplomado-mas-rojito-1-239x300.png 239w\" sizes=\"auto, (max-width: 385px) 100vw, 385px\" \/><\/a><\/figure>\n\n\n\n<p class=\"has-text-align-center has-small-font-size\"><strong><a href=\"https:\/\/escuelateologica.cl\/?page_id=395\">DIPLOMADOS<\/a><\/strong><\/p>\n<\/div>\n\n\n\n<div class=\"wp-block-column is-layout-flow wp-block-column-is-layout-flow\">\n<figure class=\"wp-block-image aligncenter size-full is-resized\"><a href=\"https:\/\/escuelateologica.cl\/?page_id=448\"><img loading=\"lazy\" decoding=\"async\" width=\"562\" height=\"512\" src=\"https:\/\/escuelateologica.cl\/wp-content\/uploads\/2025\/11\/icono-programs-o-cursos-1.png\" alt=\"\" class=\"wp-image-116\" style=\"width:57px;height:auto\" srcset=\"https:\/\/escuelateologica.cl\/wp-content\/uploads\/2025\/11\/icono-programs-o-cursos-1.png 562w, https:\/\/escuelateologica.cl\/wp-content\/uploads\/2025\/11\/icono-programs-o-cursos-1-300x273.png 300w\" sizes=\"auto, (max-width: 562px) 100vw, 562px\" \/><\/a><\/figure>\n\n\n\n<p class=\"has-text-align-center has-small-font-size\"><strong><a href=\"https:\/\/escuelateologica.cl\/?page_id=448\">CAPELLAN\u00cdAS<\/a><\/strong><\/p>\n<\/div>\n\n\n\n<div class=\"wp-block-column is-layout-flow wp-block-column-is-layout-flow\">\n<figure class=\"wp-block-image aligncenter size-full is-resized\"><a href=\"https:\/\/escuelateologica.cl\/?page_id=425\"><img loading=\"lazy\" decoding=\"async\" width=\"900\" height=\"680\" src=\"https:\/\/escuelateologica.cl\/wp-content\/uploads\/2025\/11\/CERTIFICADOS-ACTUALIZACION-PROFESIONAL.png\" alt=\"\" class=\"wp-image-117\" style=\"width:70px;height:auto\" srcset=\"https:\/\/escuelateologica.cl\/wp-content\/uploads\/2025\/11\/CERTIFICADOS-ACTUALIZACION-PROFESIONAL.png 900w, https:\/\/escuelateologica.cl\/wp-content\/uploads\/2025\/11\/CERTIFICADOS-ACTUALIZACION-PROFESIONAL-300x227.png 300w, https:\/\/escuelateologica.cl\/wp-content\/uploads\/2025\/11\/CERTIFICADOS-ACTUALIZACION-PROFESIONAL-768x580.png 768w\" sizes=\"auto, (max-width: 900px) 100vw, 900px\" \/><\/a><\/figure>\n\n\n\n<p class=\"has-text-align-center has-small-font-size\"><strong><a href=\"https:\/\/escuelateologica.cl\/?page_id=425\">CERTIFICADO T\u00c9CNICO EN TEOLOG\u00cdA<\/a><\/strong><\/p>\n<\/div>\n<\/div>\n\n\n\n<div class=\"wp-block-columns is-layout-flex wp-container-core-columns-is-layout-28f84493 wp-block-columns-is-layout-flex\">\n<div class=\"wp-block-column is-layout-flow wp-block-column-is-layout-flow\"><\/div>\n\n\n\n<div class=\"wp-block-column is-layout-flow wp-block-column-is-layout-flow\"><\/div>\n<\/div>\n\n\n\n<div class=\"wp-block-columns is-layout-flex wp-container-core-columns-is-layout-28f84493 wp-block-columns-is-layout-flex\">\n<div class=\"wp-block-column is-layout-flow wp-block-column-is-layout-flow\">\n<figure class=\"wp-block-image aligncenter size-full is-resized\"><a href=\"https:\/\/escuelateologica.cl\/?page_id=433\"><img loading=\"lazy\" decoding=\"async\" width=\"933\" height=\"762\" src=\"https:\/\/escuelateologica.cl\/wp-content\/uploads\/2025\/11\/BACHILLERATO.png\" alt=\"\" class=\"wp-image-118\" style=\"width:65px;height:auto\" srcset=\"https:\/\/escuelateologica.cl\/wp-content\/uploads\/2025\/11\/BACHILLERATO.png 933w, https:\/\/escuelateologica.cl\/wp-content\/uploads\/2025\/11\/BACHILLERATO-300x245.png 300w, https:\/\/escuelateologica.cl\/wp-content\/uploads\/2025\/11\/BACHILLERATO-768x627.png 768w\" sizes=\"auto, (max-width: 933px) 100vw, 933px\" \/><\/a><\/figure>\n<\/div>\n\n\n\n<div class=\"wp-block-column is-layout-flow wp-block-column-is-layout-flow\">\n<figure class=\"wp-block-image aligncenter size-full is-resized\"><a href=\"https:\/\/escuelateologica.cl\/?page_id=434\"><img loading=\"lazy\" decoding=\"async\" width=\"612\" height=\"720\" src=\"https:\/\/escuelateologica.cl\/wp-content\/uploads\/2025\/11\/LICENCIATURA.png\" alt=\"\" class=\"wp-image-119\" style=\"width:50px;height:auto\" srcset=\"https:\/\/escuelateologica.cl\/wp-content\/uploads\/2025\/11\/LICENCIATURA.png 612w, https:\/\/escuelateologica.cl\/wp-content\/uploads\/2025\/11\/LICENCIATURA-255x300.png 255w\" sizes=\"auto, (max-width: 612px) 100vw, 612px\" \/><\/a><\/figure>\n<\/div>\n\n\n\n<div class=\"wp-block-column is-layout-flow wp-block-column-is-layout-flow\">\n<figure class=\"wp-block-image aligncenter size-full is-resized\"><a href=\"https:\/\/escuelateologica.cl\/?page_id=435\"><img loading=\"lazy\" decoding=\"async\" width=\"348\" height=\"279\" src=\"https:\/\/escuelateologica.cl\/wp-content\/uploads\/2025\/11\/maestria.png\" alt=\"\" class=\"wp-image-120\" style=\"width:76px;height:auto\" srcset=\"https:\/\/escuelateologica.cl\/wp-content\/uploads\/2025\/11\/maestria.png 348w, https:\/\/escuelateologica.cl\/wp-content\/uploads\/2025\/11\/maestria-300x241.png 300w\" sizes=\"auto, (max-width: 348px) 100vw, 348px\" \/><\/a><\/figure>\n<\/div>\n<\/div>\n\n\n\n<div class=\"wp-block-columns is-layout-flex wp-container-core-columns-is-layout-28f84493 wp-block-columns-is-layout-flex\">\n<div class=\"wp-block-column is-layout-flow wp-block-column-is-layout-flow\">\n<p class=\"has-text-align-center has-small-font-size\"><strong><a href=\"https:\/\/escuelateologica.cl\/?page_id=433\">BACHILLER EN TEOLOG\u00cdA<\/a><\/strong><\/p>\n<\/div>\n\n\n\n<div class=\"wp-block-column is-layout-flow wp-block-column-is-layout-flow\">\n<p class=\"has-text-align-center has-small-font-size\"><strong><a href=\"https:\/\/escuelateologica.cl\/?page_id=434\">LICENCIATURA EN TEOLOG\u00cdA<\/a><\/strong><\/p>\n<\/div>\n\n\n\n<div class=\"wp-block-column is-layout-flow wp-block-column-is-layout-flow\">\n<p class=\"has-text-align-center has-small-font-size\"><strong><a href=\"https:\/\/escuelateologica.cl\/?page_id=435\">MAESTRIA EN TEOLOG\u00cdA LATINOAMERICANA<\/a><\/strong><\/p>\n<\/div>\n<\/div>\n<\/div>\n<\/div>\n\n\n\n<div class=\"wp-block-columns alignwide is-layout-flex wp-container-core-columns-is-layout-28f84493 wp-block-columns-is-layout-flex\">\n<div class=\"wp-block-column is-layout-flow wp-block-column-is-layout-flow\"><\/div>\n<\/div>\n\n\n\n<div class=\"wp-block-columns alignwide is-layout-flex wp-container-core-columns-is-layout-28f84493 wp-block-columns-is-layout-flex\">\n<div class=\"wp-block-column is-layout-flow wp-block-column-is-layout-flow\">\n<div class=\"wp-block-columns is-layout-flex wp-container-core-columns-is-layout-28f84493 wp-block-columns-is-layout-flex\">\n<div class=\"wp-block-column is-layout-flow wp-block-column-is-layout-flow\">\n<figure class=\"wp-block-image aligncenter size-full is-resized\"><a href=\"https:\/\/escuelateologica.cl\/?page_id=562\"><img loading=\"lazy\" decoding=\"async\" width=\"272\" height=\"516\" src=\"https:\/\/escuelateologica.cl\/wp-content\/uploads\/2025\/11\/pastor.png\" alt=\"\" class=\"wp-image-122\" style=\"width:37px;height:auto\" srcset=\"https:\/\/escuelateologica.cl\/wp-content\/uploads\/2025\/11\/pastor.png 272w, https:\/\/escuelateologica.cl\/wp-content\/uploads\/2025\/11\/pastor-158x300.png 158w\" sizes=\"auto, (max-width: 272px) 100vw, 272px\" \/><\/a><\/figure>\n\n\n\n<p class=\"has-text-align-center has-small-font-size\"><strong><a href=\"https:\/\/escuelateologica.cl\/?page_id=562\">PROGRAMA DE ACTUALIZACI\u00d3N MINISTERIAL<\/a><\/strong><\/p>\n<\/div>\n\n\n\n<div class=\"wp-block-column is-layout-flow wp-block-column-is-layout-flow\">\n<figure class=\"wp-block-image aligncenter size-full is-resized\"><img loading=\"lazy\" decoding=\"async\" width=\"501\" height=\"330\" src=\"https:\/\/escuelateologica.cl\/wp-content\/uploads\/2025\/11\/biblia-paloma2.png\" alt=\"\" class=\"wp-image-123\" style=\"width:105px;height:auto\" srcset=\"https:\/\/escuelateologica.cl\/wp-content\/uploads\/2025\/11\/biblia-paloma2.png 501w, https:\/\/escuelateologica.cl\/wp-content\/uploads\/2025\/11\/biblia-paloma2-300x198.png 300w\" sizes=\"auto, (max-width: 501px) 100vw, 501px\" \/><\/figure>\n\n\n\n<p class=\"has-text-align-center has-small-font-size\"><strong>PROGRAMA DE FORMACI\u00d3N BIBLIA ABIERTA<\/strong><\/p>\n<\/div>\n\n\n\n<div class=\"wp-block-column is-layout-flow wp-block-column-is-layout-flow\">\n<figure class=\"wp-block-image aligncenter size-full is-resized\"><a href=\"https:\/\/escuelateologica.cl\/?page_id=562\"><img loading=\"lazy\" decoding=\"async\" width=\"340\" height=\"282\" src=\"https:\/\/escuelateologica.cl\/wp-content\/uploads\/2025\/11\/leyendo-biblia-3-burdeo.png\" alt=\"\" class=\"wp-image-124\" style=\"width:86px;height:auto\" srcset=\"https:\/\/escuelateologica.cl\/wp-content\/uploads\/2025\/11\/leyendo-biblia-3-burdeo.png 340w, https:\/\/escuelateologica.cl\/wp-content\/uploads\/2025\/11\/leyendo-biblia-3-burdeo-300x249.png 300w\" sizes=\"auto, (max-width: 340px) 100vw, 340px\" \/><\/a><\/figure>\n\n\n\n<p class=\"has-text-align-center has-small-font-size\"><strong><a href=\"https:\/\/escuelateologica.cl\/?page_id=562\">PROGRAMA DE ACTUALIZACI\u00d3N MINISTERIAL FEMENINO<\/a><\/strong><\/p>\n<\/div>\n<\/div>\n<\/div>\n<\/div>\n\n\n\n<div class=\"wp-block-columns alignwide is-layout-flex wp-container-core-columns-is-layout-28f84493 wp-block-columns-is-layout-flex\">\n<div class=\"wp-block-column is-layout-flow wp-block-column-is-layout-flow\" style=\"padding-top:var(--wp--preset--spacing--40);padding-bottom:var(--wp--preset--spacing--40)\"><\/div>\n<\/div>\n\n\n\n<div class=\"wp-block-columns alignwide is-layout-flex wp-container-core-columns-is-layout-28f84493 wp-block-columns-is-layout-flex\">\n<div class=\"wp-block-column is-layout-flow wp-block-column-is-layout-flow\">\n<p><\/p>\n<\/div>\n<\/div>\n\n\n\n<div class=\"wp-block-columns alignwide is-layout-flex wp-container-core-columns-is-layout-28f84493 wp-block-columns-is-layout-flex\">\n<div class=\"wp-block-column is-layout-flow wp-block-column-is-layout-flow\">\n<p class=\"has-text-color has-link-color has-source-serif-pro-font-family wp-elements-a46be245c717135e1025fbd9baf30211\" style=\"color:#7c0707\">\ud83c\udf93 <strong>PERFIL DEL EGRESADO<\/strong><\/p>\n\n\n\n<p class=\"has-small-font-size\">El egresado de la Escuela de Teolog\u00eda y Posgrado es un l\u00edder con formaci\u00f3n b\u00edblica s\u00f3lida, pensamiento teol\u00f3gico cr\u00edtico y compromiso pastoral contextual. Ha desarrollado competencias que integran conocimiento, habilidades interpretativas y madurez espiritual, permiti\u00e9ndole servir con fidelidad a la Iglesia y a la sociedad.<\/p>\n<\/div>\n\n\n\n<div class=\"wp-block-column is-layout-flow wp-block-column-is-layout-flow\">\n<p class=\"has-text-color has-link-color has-source-serif-pro-font-family has-small-font-size wp-elements-439f80a75ed21da6ee56646e2bb760c9\" style=\"color:#890b0b\"><strong>El egresado es capaz de:<\/strong><\/p>\n\n\n\n<ul class=\"wp-block-list\">\n<li class=\"has-small-font-size\">Realizar an\u00e1lisis exeg\u00e9tico b\u00e1sico con rigor metodol\u00f3gico.<\/li>\n\n\n\n<li class=\"has-small-font-size\">Identificar estructura, conectores, idea central y elementos narrativos en un texto b\u00edblico.<\/li>\n\n\n\n<li class=\"has-small-font-size\">Formular interpretaciones fundamentadas y coherentes con el contexto original.<\/li>\n\n\n\n<li class=\"has-small-font-size\">Comunicar el mensaje b\u00edblico con claridad en ense\u00f1anza, predicaci\u00f3n o acompa\u00f1amiento pastoral.<\/li>\n\n\n\n<li class=\"has-small-font-size\">Aplicar el contenido b\u00edblico a realidades contempor\u00e1neas sin distorsionar su significado.<\/li>\n<\/ul>\n<\/div>\n<\/div>\n\n\n\n<div class=\"wp-block-columns alignwide is-layout-flex wp-container-core-columns-is-layout-28f84493 wp-block-columns-is-layout-flex\">\n<div class=\"wp-block-column is-layout-flow wp-block-column-is-layout-flow\" style=\"padding-top:var(--wp--preset--spacing--50);padding-bottom:var(--wp--preset--spacing--50)\"><\/div>\n<\/div>\n\n\n\n<div class=\"wp-block-columns alignwide is-layout-flex wp-container-core-columns-is-layout-28f84493 wp-block-columns-is-layout-flex\">\n<div class=\"wp-block-column is-layout-flow wp-block-column-is-layout-flow\">\n<div class=\"wp-block-columns is-layout-flex wp-container-core-columns-is-layout-28f84493 wp-block-columns-is-layout-flex\">\n<div class=\"wp-block-column is-layout-flow wp-block-column-is-layout-flow\">\n<p class=\"has-text-color has-link-color has-source-serif-pro-font-family has-medium-font-size wp-elements-af1dcf3c29cbae60194b7ce425fe7fbb\" style=\"color:#510404\"><strong>\u00bfC\u00f3mo Matricular?<\/strong><\/p>\n<\/div>\n\n\n\n<div class=\"wp-block-column is-layout-flow wp-block-column-is-layout-flow\"><\/div>\n<\/div>\n<\/div>\n<\/div>\n\n\n\n<div class=\"wp-block-columns alignwide is-layout-flex wp-container-core-columns-is-layout-28f84493 wp-block-columns-is-layout-flex\">\n<div class=\"wp-block-column is-layout-flow wp-block-column-is-layout-flow\">\n<ul class=\"wp-block-list has-small-font-size\">\n<li>Revisar la informaci\u00f3n o plan de Estudio de inter\u00e9s<\/li>\n<\/ul>\n\n\n\n<ul class=\"wp-block-list has-small-font-size\">\n<li>Si desea m\u00e1s informaci\u00f3n: <\/li>\n\n\n\n<li>Tel\u00e9fono o WhatsApp: +56 9 8407 3929 <\/li>\n\n\n\n<li>Correo: direccion.academica@escuelateologica.cl<\/li>\n<\/ul>\n\n\n\n<ul class=\"wp-block-list has-small-font-size\">\n<li>Llene el formulario de Admisi\u00f3n<\/li>\n<\/ul>\n\n\n\n<ul class=\"wp-block-list has-small-font-size\">\n<li>Descargue y llene el formulario Solicitud de Beca<\/li>\n<\/ul>\n\n\n\n<ul class=\"wp-block-list has-small-font-size\">\n<li>Adjunte toda la documentaci\u00f3n y env\u00edela a: direccion.academica@escuelateologica.cl<\/li>\n<\/ul>\n\n\n\n<ul class=\"wp-block-list has-small-font-size\">\n<li>Se prepara un plan de Estudio personalizado acorde al tiempo del o la estudiante.<\/li>\n<\/ul>\n<\/div>\n<\/div>\n\n\n\n<div class=\"wp-block-columns alignwide is-layout-flex wp-container-core-columns-is-layout-28f84493 wp-block-columns-is-layout-flex\">\n<div class=\"wp-block-column has-text-color has-background has-link-color wp-elements-6617dacd282249cbd746fcff8d84a0f1 is-layout-flow wp-block-column-is-layout-flow\" style=\"color:#761104;background-color:#ececec\">\n<div class=\"wp-block-columns is-layout-flex wp-container-core-columns-is-layout-28f84493 wp-block-columns-is-layout-flex\">\n<div class=\"wp-block-column is-layout-flow wp-block-column-is-layout-flow\"><\/div>\n<\/div>\n\n\n\n<figure class=\"wp-block-image aligncenter size-full is-resized\"><a href=\"https:\/\/docs.google.com\/forms\/d\/e\/1FAIpQLSeU7W1cy7w2sbyu91Z7fjtWIfJME757J95Znjqqf1UKVuD9AA\/viewform?usp=sharing&amp;ouid=105610021388035236381\"><img loading=\"lazy\" decoding=\"async\" width=\"456\" height=\"500\" src=\"https:\/\/escuelateologica.cl\/wp-content\/uploads\/2025\/11\/formulario-burdeo.png\" alt=\"\" class=\"wp-image-127\" style=\"width:59px;height:auto\" srcset=\"https:\/\/escuelateologica.cl\/wp-content\/uploads\/2025\/11\/formulario-burdeo.png 456w, https:\/\/escuelateologica.cl\/wp-content\/uploads\/2025\/11\/formulario-burdeo-274x300.png 274w\" sizes=\"auto, (max-width: 456px) 100vw, 456px\" \/><\/a><\/figure>\n\n\n\n<p class=\"has-text-align-center has-small-font-size\"><strong>Formulario Solicitud de Informaci\u00f3n<\/strong><\/p>\n\n\n\n<p class=\"has-text-align-center has-small-font-size\"><strong><a href=\"https:\/\/docs.google.com\/forms\/d\/e\/1FAIpQLSeU7W1cy7w2sbyu91Z7fjtWIfJME757J95Znjqqf1UKVuD9AA\/viewform?usp=sharing&amp;ouid=105610021388035236381\">Descargar Aqu\u00ed<\/a><\/strong><\/p>\n<\/div>\n\n\n\n<div class=\"wp-block-column has-text-color has-background has-link-color wp-elements-84ad7fe075941f09c1314242e52fa5d6 is-layout-flow wp-block-column-is-layout-flow\" style=\"color:#761104;background-color:#ececec\">\n<div class=\"wp-block-columns is-layout-flex wp-container-core-columns-is-layout-28f84493 wp-block-columns-is-layout-flex\">\n<div class=\"wp-block-column is-layout-flow wp-block-column-is-layout-flow\"><\/div>\n<\/div>\n\n\n\n<figure class=\"wp-block-image aligncenter size-full is-resized\"><a href=\"https:\/\/drive.google.com\/file\/d\/1_ifQ5z4VPQSL3g24VKEc3ScSXxe-MinJ\/view?usp=sharing\"><img loading=\"lazy\" decoding=\"async\" width=\"600\" height=\"600\" src=\"https:\/\/escuelateologica.cl\/wp-content\/uploads\/2025\/11\/ICONO-beca.png\" alt=\"\" class=\"wp-image-128\" style=\"width:67px;height:auto\" srcset=\"https:\/\/escuelateologica.cl\/wp-content\/uploads\/2025\/11\/ICONO-beca.png 600w, https:\/\/escuelateologica.cl\/wp-content\/uploads\/2025\/11\/ICONO-beca-300x300.png 300w, https:\/\/escuelateologica.cl\/wp-content\/uploads\/2025\/11\/ICONO-beca-150x150.png 150w\" sizes=\"auto, (max-width: 600px) 100vw, 600px\" \/><\/a><\/figure>\n\n\n\n<p class=\"has-text-align-center has-small-font-size\"><strong>Formulario de Solicitud de Beca<\/strong><\/p>\n\n\n\n<p class=\"has-text-align-center has-small-font-size\"><strong><a href=\"https:\/\/drive.google.com\/file\/d\/1_ifQ5z4VPQSL3g24VKEc3ScSXxe-MinJ\/view?usp=sharing\">Descargar Aqu\u00ed<\/a><\/strong><\/p>\n<\/div>\n\n\n\n<div class=\"wp-block-column has-background is-layout-flow wp-block-column-is-layout-flow\" style=\"background-color:#ececec\">\n<div class=\"wp-block-columns is-layout-flex wp-container-core-columns-is-layout-28f84493 wp-block-columns-is-layout-flex\">\n<div class=\"wp-block-column is-layout-flow wp-block-column-is-layout-flow\"><\/div>\n<\/div>\n\n\n\n<figure class=\"wp-block-image aligncenter size-full is-resized\"><img loading=\"lazy\" decoding=\"async\" width=\"512\" height=\"512\" src=\"https:\/\/escuelateologica.cl\/wp-content\/uploads\/2025\/11\/icone-point-d-interrogation-question-rouge-1.png\" alt=\"\" class=\"wp-image-308\" style=\"width:54px;height:auto\" srcset=\"https:\/\/escuelateologica.cl\/wp-content\/uploads\/2025\/11\/icone-point-d-interrogation-question-rouge-1.png 512w, https:\/\/escuelateologica.cl\/wp-content\/uploads\/2025\/11\/icone-point-d-interrogation-question-rouge-1-300x300.png 300w, https:\/\/escuelateologica.cl\/wp-content\/uploads\/2025\/11\/icone-point-d-interrogation-question-rouge-1-150x150.png 150w\" sizes=\"auto, (max-width: 512px) 100vw, 512px\" \/><\/figure>\n\n\n\n<p class=\"has-text-align-center has-text-color has-link-color has-small-font-size wp-elements-58ec2a331135d84a1a233a5ea0602076\" style=\"color:#690e02\"><strong>\u00bfTienes Dudas?<\/strong><\/p>\n\n\n\n<p class=\"has-text-align-center has-text-color has-link-color has-small-font-size wp-elements-df4a7359f9513d707394c4c9efa204e5\" style=\"color:#660f03\"><strong>Respondemos a tus consultas<\/strong><\/p>\n\n\n\n<div class=\"wp-block-columns is-layout-flex wp-container-core-columns-is-layout-9eec659e wp-block-columns-is-layout-flex\" style=\"padding-top:0;padding-right:var(--wp--preset--spacing--60);padding-bottom:0;padding-left:var(--wp--preset--spacing--60)\">\n<div class=\"wp-block-column is-vertically-aligned-top is-layout-flow wp-block-column-is-layout-flow\" style=\"padding-top:0;padding-right:var(--wp--preset--spacing--20);padding-bottom:0;padding-left:var(--wp--preset--spacing--20);flex-basis:33.33%\">\n<figure class=\"wp-block-image alignright size-full is-resized\"><img loading=\"lazy\" decoding=\"async\" width=\"312\" height=\"316\" src=\"https:\/\/escuelateologica.cl\/wp-content\/uploads\/2025\/11\/icono-whatsap.png\" alt=\"\" class=\"wp-image-130\" style=\"width:27px;height:auto\" srcset=\"https:\/\/escuelateologica.cl\/wp-content\/uploads\/2025\/11\/icono-whatsap.png 312w, https:\/\/escuelateologica.cl\/wp-content\/uploads\/2025\/11\/icono-whatsap-296x300.png 296w\" sizes=\"auto, (max-width: 312px) 100vw, 312px\" \/><\/figure>\n<\/div>\n\n\n\n<div class=\"wp-block-column is-vertically-aligned-bottom is-layout-flow wp-block-column-is-layout-flow\" style=\"flex-basis:66.67%\">\n<p class=\"has-text-color has-link-color has-small-font-size wp-elements-a98af3e24b82fa70b587d4bed701b7a9\" style=\"color:#5e0303\">+56 9 8407 3929<\/p>\n\n\n\n<p><\/p>\n<\/div>\n<\/div>\n<\/div>\n<\/div>\n\n\n\n<p><\/p>\n","protected":false},"excerpt":{"rendered":"<p>PROGRAMAS La Escuela de Teolog\u00eda y Posgrado (ETP) asume el compromiso de ofrecer una educaci\u00f3n teol\u00f3gica integral, contextualizada y transformadora, que responda a los desaf\u00edos de la Iglesia y la sociedad latinoamericana. Nuestro modelo educativo articula fe, conocimiento y acci\u00f3n, reconociendo que la formaci\u00f3n teol\u00f3gica no es solo una tarea acad\u00e9mica, sino tambi\u00e9n espiritual, pastoral [&hellip;]<\/p>\n","protected":false},"author":1,"featured_media":0,"parent":0,"menu_order":4,"comment_status":"closed","ping_status":"closed","template":"","meta":{"footnotes":""},"class_list":["post-10","page","type-page","status-publish","hentry"],"_hostinger_reach_plugin_has_subscription_block":false,"_hostinger_reach_plugin_is_elementor":false,"_links":{"self":[{"href":"https:\/\/escuelateologica.cl\/index.php?rest_route=\/wp\/v2\/pages\/10","targetHints":{"allow":["GET"]}}],"collection":[{"href":"https:\/\/escuelateologica.cl\/index.php?rest_route=\/wp\/v2\/pages"}],"about":[{"href":"https:\/\/escuelateologica.cl\/index.php?rest_route=\/wp\/v2\/types\/page"}],"author":[{"embeddable":true,"href":"https:\/\/escuelateologica.cl\/index.php?rest_route=\/wp\/v2\/users\/1"}],"replies":[{"embeddable":true,"href":"https:\/\/escuelateologica.cl\/index.php?rest_route=%2Fwp%2Fv2%2Fcomments&post=10"}],"version-history":[{"count":34,"href":"https:\/\/escuelateologica.cl\/index.php?rest_route=\/wp\/v2\/pages\/10\/revisions"}],"predecessor-version":[{"id":630,"href":"https:\/\/escuelateologica.cl\/index.php?rest_route=\/wp\/v2\/pages\/10\/revisions\/630"}],"wp:attachment":[{"href":"https:\/\/escuelateologica.cl\/index.php?rest_route=%2Fwp%2Fv2%2Fmedia&parent=10"}],"curies":[{"name":"wp","href":"https:\/\/api.w.org\/{rel}","templated":true}]}}