{"id":11,"date":"2025-11-01T17:34:51","date_gmt":"2025-11-01T17:34:51","guid":{"rendered":"https:\/\/escuelateologica.cl\/?page_id=11"},"modified":"2026-03-04T00:23:15","modified_gmt":"2026-03-04T00:23:15","slug":"quienes-somos","status":"publish","type":"page","link":"https:\/\/escuelateologica.cl\/?page_id=11","title":{"rendered":"\u00bfQui\u00e9nes Somos?"},"content":{"rendered":"\n<div class=\"wp-block-columns alignwide is-layout-flex wp-container-core-columns-is-layout-28f84493 wp-block-columns-is-layout-flex\">\n<div class=\"wp-block-column is-layout-flow wp-block-column-is-layout-flow\">\n<div class=\"wp-block-columns is-layout-flex wp-container-core-columns-is-layout-28f84493 wp-block-columns-is-layout-flex\">\n<div class=\"wp-block-column is-layout-flow wp-block-column-is-layout-flow\" style=\"flex-basis:100%\">\n<div class=\"wp-block-columns is-layout-flex wp-container-core-columns-is-layout-28f84493 wp-block-columns-is-layout-flex\">\n<div class=\"wp-block-column is-vertically-aligned-center is-layout-flow wp-block-column-is-layout-flow\" style=\"flex-basis:100%\">\n<figure class=\"wp-block-image size-full is-resized\"><img loading=\"lazy\" decoding=\"async\" width=\"900\" height=\"400\" src=\"https:\/\/escuelateologica.cl\/wp-content\/uploads\/2025\/11\/2.jpg\" alt=\"\" class=\"wp-image-90\" style=\"width:1000px;height:auto\" srcset=\"https:\/\/escuelateologica.cl\/wp-content\/uploads\/2025\/11\/2.jpg 900w, https:\/\/escuelateologica.cl\/wp-content\/uploads\/2025\/11\/2-300x133.jpg 300w, https:\/\/escuelateologica.cl\/wp-content\/uploads\/2025\/11\/2-768x341.jpg 768w\" sizes=\"auto, (max-width: 900px) 100vw, 900px\" \/><\/figure>\n<\/div>\n<\/div>\n<\/div>\n<\/div>\n<\/div>\n<\/div>\n\n\n\n<div class=\"wp-block-group alignwide is-layout-constrained wp-block-group-is-layout-constrained\">\n<p class=\"has-text-align-center has-text-color has-link-color has-large-font-size wp-elements-69811ebf3bdbc81f32be88a9a93477b5\" style=\"color:#731205\"><strong>\u00bfQui\u00e9nes Somos?<\/strong><\/p>\n<\/div>\n\n\n\n<div class=\"wp-block-group alignwide is-layout-constrained wp-container-core-group-is-layout-be4e9a8f wp-block-group-is-layout-constrained\">\n<div class=\"wp-block-group alignwide is-vertical is-layout-flex wp-container-core-group-is-layout-fe9cc265 wp-block-group-is-layout-flex\">\n<p style=\"border-radius:0px;font-size:17px\">La Escuela de Teolog\u00eda y Posgrado (ETP) es una instituci\u00f3n de formaci\u00f3n teol\u00f3gica comprometida con la fidelidad a la Palabra de Dios, el rigor acad\u00e9mico y el servicio pastoral. Nacemos con la convicci\u00f3n de que la teolog\u00eda no es solo conocimiento, sino vocaci\u00f3n, responsabilidad y transformaci\u00f3n.<\/p>\n\n\n\n<p>Creemos que interpretar la Escritura exige disciplina metodol\u00f3gica, humildad espiritual y sensibilidad al contexto en el que vivimos. Por ello, promovemos una formaci\u00f3n progresiva y acompa\u00f1ada, donde el estudiante desarrolla competencias exeg\u00e9ticas, pensamiento cr\u00edtico y madurez espiritual, integrando fe, conocimiento y pr\u00e1ctica ministerial.<\/p>\n\n\n\n<p class=\"has-text-align-left\">Desde una conciencia latinoamericana, la ETP dialoga con los desaf\u00edos sociales, culturales y eclesiales de nuestro entorno, procurando que la fidelidad al texto b\u00edblico se traduzca en compromiso, esperanza y servicio. Entendemos la teolog\u00eda como un llamado a formar l\u00edderes que comuniquen la verdad con integridad, vivan su fe con coherencia y sirvan a la Iglesia y a la sociedad con responsabilidad.<\/p>\n<\/div>\n<\/div>\n\n\n\n<div class=\"wp-block-columns is-layout-flex wp-container-core-columns-is-layout-28f84493 wp-block-columns-is-layout-flex\">\n<div class=\"wp-block-column is-layout-flow wp-block-column-is-layout-flow\"><\/div>\n<\/div>\n\n\n\n<div class=\"wp-block-columns alignwide is-layout-flex wp-container-core-columns-is-layout-28f84493 wp-block-columns-is-layout-flex\">\n<div class=\"wp-block-column is-layout-flow wp-block-column-is-layout-flow\">\n<div class=\"wp-block-columns is-layout-flex wp-container-core-columns-is-layout-28f84493 wp-block-columns-is-layout-flex\">\n<div class=\"wp-block-column has-text-color has-link-color wp-elements-f1c55deb5d5a555fd7b9df81e3ed405d is-layout-flow wp-block-column-is-layout-flow\" style=\"color:#490404\">\n<figure class=\"wp-block-image aligncenter size-full is-resized\"><img loading=\"lazy\" decoding=\"async\" width=\"596\" height=\"467\" src=\"https:\/\/escuelateologica.cl\/wp-content\/uploads\/2025\/11\/MISION-ETP.png\" alt=\"\" class=\"wp-image-297\" style=\"width:93px;height:auto\" srcset=\"https:\/\/escuelateologica.cl\/wp-content\/uploads\/2025\/11\/MISION-ETP.png 596w, https:\/\/escuelateologica.cl\/wp-content\/uploads\/2025\/11\/MISION-ETP-300x235.png 300w\" sizes=\"auto, (max-width: 596px) 100vw, 596px\" \/><\/figure>\n\n\n\n<p class=\"has-text-align-center\"><strong>MISI\u00d3N<\/strong><\/p>\n\n\n\n<p class=\"has-foreground-color has-text-color has-link-color wp-elements-b40aa69a91aad264bfc1ece001f85ae0\">Formar l\u00edderes y servidores de la Iglesia mediante una educaci\u00f3n teol\u00f3gica integral que una fidelidad b\u00edblica, rigor acad\u00e9mico y sensibilidad contextual.<\/p>\n\n\n\n<p class=\"has-foreground-color has-text-color has-link-color wp-elements-97ee9a8cb292a5fcee2a0a1fef78ee60\">La ETP promueve el estudio responsable de la Escritura, el desarrollo del pensamiento cr\u00edtico y la formaci\u00f3n espiritual, capacitando a hombres y mujeres para interpretar, ense\u00f1ar y vivir la Palabra con integridad y compromiso pastoral.<\/p>\n<\/div>\n\n\n\n<div class=\"wp-block-column has-text-color has-link-color wp-elements-909be6db73ce83502315e8c81b931f45 is-layout-flow wp-block-column-is-layout-flow\" style=\"color:#490404\">\n<figure class=\"wp-block-image aligncenter size-full is-resized\"><img loading=\"lazy\" decoding=\"async\" width=\"512\" height=\"512\" src=\"https:\/\/escuelateologica.cl\/wp-content\/uploads\/2025\/11\/ICONO-DE-VISION.png\" alt=\"\" class=\"wp-image-298\" style=\"width:76px;height:auto\" srcset=\"https:\/\/escuelateologica.cl\/wp-content\/uploads\/2025\/11\/ICONO-DE-VISION.png 512w, https:\/\/escuelateologica.cl\/wp-content\/uploads\/2025\/11\/ICONO-DE-VISION-300x300.png 300w, https:\/\/escuelateologica.cl\/wp-content\/uploads\/2025\/11\/ICONO-DE-VISION-150x150.png 150w\" sizes=\"auto, (max-width: 512px) 100vw, 512px\" \/><\/figure>\n\n\n\n<p class=\"has-text-align-center\"><strong>VISI\u00d3N<\/strong><\/p>\n\n\n\n<p class=\"has-foreground-color has-text-color has-link-color wp-elements-73de099f073183c474446835145bf989\">Ser una instituci\u00f3n de referencia en la formaci\u00f3n teol\u00f3gica en Am\u00e9rica Latina, reconocida por su excelencia acad\u00e9mica, su fidelidad a la Escritura y su compromiso con una teolog\u00eda viva, contextual y transformadora.<\/p>\n\n\n\n<p class=\"has-foreground-color has-text-color has-link-color wp-elements-5da0ad53996449168cafec4f8c2389b9\">Aspiramos a formar generaciones de l\u00edderes que impacten sus comunidades mediante una interpretaci\u00f3n responsable de la Palabra y un servicio coherente con el Evangelio.<\/p>\n<\/div>\n<\/div>\n<\/div>\n<\/div>\n\n\n\n<div class=\"wp-block-columns alignwide is-layout-flex wp-container-core-columns-is-layout-28f84493 wp-block-columns-is-layout-flex\">\n<div class=\"wp-block-column is-layout-flow wp-block-column-is-layout-flow\"><\/div>\n<\/div>\n\n\n\n<p class=\"has-text-align-center has-text-color has-link-color has-medium-font-size wp-elements-af66507d6e08ade7f9ad4fa168f64bcc\" style=\"color:#761205\"><strong>VALORES FUNDAMENTALES DE LA ETP<\/strong><\/p>\n\n\n\n<div class=\"wp-block-columns is-layout-flex wp-container-core-columns-is-layout-28f84493 wp-block-columns-is-layout-flex\">\n<div class=\"wp-block-column is-vertically-aligned-stretch is-layout-flow wp-block-column-is-layout-flow\" style=\"flex-basis:33.33%\">\n<figure class=\"wp-block-image aligncenter size-full is-resized\"><img loading=\"lazy\" decoding=\"async\" width=\"146\" height=\"126\" src=\"https:\/\/escuelateologica.cl\/wp-content\/uploads\/2025\/11\/fe.jpg\" alt=\"\" class=\"wp-image-81\" style=\"width:79px;height:auto\"\/><\/figure>\n<\/div>\n\n\n\n<div class=\"wp-block-column is-vertically-aligned-center is-layout-flow wp-block-column-is-layout-flow\" style=\"flex-basis:66.66%\">\n<p><strong>F<\/strong>idelidad B\u00edblica<br>Sostenemos la autoridad de la Escritura y promovemos una interpretaci\u00f3n responsable que respete su contexto hist\u00f3rico, literario y teol\u00f3gico.<\/p>\n<\/div>\n<\/div>\n\n\n\n<div class=\"wp-block-columns is-layout-flex wp-container-core-columns-is-layout-28f84493 wp-block-columns-is-layout-flex\">\n<div class=\"wp-block-column is-vertically-aligned-stretch is-layout-flow wp-block-column-is-layout-flow\" style=\"flex-basis:33.33%\">\n<figure class=\"wp-block-image aligncenter size-full is-resized\"><img loading=\"lazy\" decoding=\"async\" width=\"155\" height=\"133\" src=\"https:\/\/escuelateologica.cl\/wp-content\/uploads\/2025\/11\/justicia.jpg\" alt=\"\" class=\"wp-image-83\" style=\"width:79px;height:auto\"\/><\/figure>\n<\/div>\n\n\n\n<div class=\"wp-block-column is-vertically-aligned-center is-layout-flow wp-block-column-is-layout-flow\" style=\"flex-basis:66.66%\">\n<p><strong>Fe activa<\/strong><br>Vivimos una fe que se traduce en acci\u00f3n, di\u00e1logo, servicio y transformaci\u00f3n en la Iglesia y la sociedad.<\/p>\n<\/div>\n<\/div>\n\n\n\n<div class=\"wp-block-columns is-layout-flex wp-container-core-columns-is-layout-28f84493 wp-block-columns-is-layout-flex\">\n<div class=\"wp-block-column is-vertically-aligned-stretch is-layout-flow wp-block-column-is-layout-flow\" style=\"flex-basis:33.33%\">\n<figure class=\"wp-block-image aligncenter size-full is-resized\"><img loading=\"lazy\" decoding=\"async\" width=\"144\" height=\"138\" src=\"https:\/\/escuelateologica.cl\/wp-content\/uploads\/2025\/11\/contextual.jpg\" alt=\"\" class=\"wp-image-84\" style=\"width:79px;height:auto\"\/><\/figure>\n<\/div>\n\n\n\n<div class=\"wp-block-column is-vertically-aligned-center is-layout-flow wp-block-column-is-layout-flow\" style=\"flex-basis:66.66%\">\n<p><strong>Conciencia Contextual<\/strong><br>Leemos y ense\u00f1amos la teolog\u00eda desde la realidad latinoamericana, dialogando con los desaf\u00edos sociales, culturales y pastorales de nuestro entorno.<\/p>\n<\/div>\n<\/div>\n\n\n\n<div class=\"wp-block-columns is-layout-flex wp-container-core-columns-is-layout-28f84493 wp-block-columns-is-layout-flex\">\n<div class=\"wp-block-column is-vertically-aligned-stretch is-layout-flow wp-block-column-is-layout-flow\" style=\"flex-basis:33.33%\">\n<figure class=\"wp-block-image aligncenter size-full is-resized\"><img loading=\"lazy\" decoding=\"async\" width=\"175\" height=\"159\" src=\"https:\/\/escuelateologica.cl\/wp-content\/uploads\/2025\/11\/excelencia.jpg\" alt=\"\" class=\"wp-image-85\" style=\"width:79px;height:auto\"\/><\/figure>\n<\/div>\n\n\n\n<div class=\"wp-block-column is-vertically-aligned-center is-layout-flow wp-block-column-is-layout-flow\" style=\"flex-basis:66.66%\">\n<p><strong>Rigor Acad\u00e9mico<\/strong><br>Valoramos el estudio serio, la disciplina intelectual y el desarrollo del pensamiento cr\u00edtico como expresi\u00f3n de respeto por la verdad.<\/p>\n<\/div>\n<\/div>\n\n\n\n<div class=\"wp-block-columns is-layout-flex wp-container-core-columns-is-layout-28f84493 wp-block-columns-is-layout-flex\">\n<div class=\"wp-block-column is-vertically-aligned-stretch is-layout-flow wp-block-column-is-layout-flow\" style=\"flex-basis:33.33%\">\n<figure class=\"wp-block-image aligncenter size-full is-resized\"><img loading=\"lazy\" decoding=\"async\" width=\"151\" height=\"145\" src=\"https:\/\/escuelateologica.cl\/wp-content\/uploads\/2025\/11\/comunidad.jpg\" alt=\"\" class=\"wp-image-86\" style=\"width:79px;height:auto\"\/><\/figure>\n<\/div>\n\n\n\n<div class=\"wp-block-column is-vertically-aligned-center is-layout-flow wp-block-column-is-layout-flow\" style=\"flex-basis:66.66%\">\n<p><strong>Comunidad formativa<\/strong><br>Creemos en el aprendizaje acompa\u00f1ado, el respeto mutuo y el crecimiento integral dentro de una comunidad acad\u00e9mica y espiritual.<\/p>\n<\/div>\n<\/div>\n\n\n\n<div class=\"wp-block-columns is-layout-flex wp-container-core-columns-is-layout-28f84493 wp-block-columns-is-layout-flex\">\n<div class=\"wp-block-column is-vertically-aligned-stretch is-layout-flow wp-block-column-is-layout-flow\" style=\"flex-basis:33.33%\">\n<figure class=\"wp-block-image aligncenter size-full is-resized\"><img loading=\"lazy\" decoding=\"async\" width=\"155\" height=\"138\" src=\"https:\/\/escuelateologica.cl\/wp-content\/uploads\/2025\/11\/solidaridad.jpg\" alt=\"\" class=\"wp-image-87\" style=\"width:79px;height:auto\"\/><\/figure>\n<\/div>\n\n\n\n<div class=\"wp-block-column is-vertically-aligned-center is-layout-flow wp-block-column-is-layout-flow\" style=\"flex-basis:66.66%\">\n<p><strong>Servicio transformador<\/strong><br>Entendemos la formaci\u00f3n teol\u00f3gica como vocaci\u00f3n al servicio, orientada a la edificaci\u00f3n de la Iglesia y la construcci\u00f3n de esperanza.<\/p>\n<\/div>\n<\/div>\n\n\n\n<div class=\"wp-block-columns is-layout-flex wp-container-core-columns-is-layout-28f84493 wp-block-columns-is-layout-flex\">\n<div class=\"wp-block-column is-layout-flow wp-block-column-is-layout-flow\" style=\"padding-top:var(--wp--preset--spacing--40);padding-bottom:var(--wp--preset--spacing--40)\"><\/div>\n<\/div>\n\n\n\n<p class=\"has-text-align-center has-text-color has-link-color has-medium-font-size wp-elements-a17bcbf7b08971bde69820f3448067c8\" style=\"color:#510c03\"><strong>ESCUELA DE TEOLOG\u00cdA Y POSGRADO<\/strong><\/p>\n\n\n\n<div class=\"wp-block-columns alignwide is-layout-flex wp-container-core-columns-is-layout-28f84493 wp-block-columns-is-layout-flex\">\n<div class=\"wp-block-column is-layout-flow wp-block-column-is-layout-flow\"><\/div>\n\n\n\n<div class=\"wp-block-column is-layout-flow wp-block-column-is-layout-flow\">\n<p style=\"font-size:14px\">Queridos y queridas estudiantes, pastores, pastoras y l\u00edderes cristianos:<\/p>\n\n\n\n<p style=\"font-size:14px\">Reciban un fraternal saludo en el nombre de nuestro Se\u00f1or Jesucristo. Desde la <strong>Direcci\u00f3n Acad\u00e9mica de la Escuela de Teolog\u00eda y Posgrado (ETP)<\/strong>, les damos la m\u00e1s cordial bienvenida a este espacio de formaci\u00f3n, reflexi\u00f3n y crecimiento en la fe. En la ETP creemos que el estudio teol\u00f3gico no es solo un ejercicio intelectual, sino una experiencia espiritual que transforma la vida y renueva el compromiso con la misi\u00f3n de Dios en el mundo.<\/p>\n\n\n\n<p style=\"font-size:14px\">Saludamos con alegr\u00eda a quienes ya forman parte de nuestra comunidad acad\u00e9mica, comprometidos con profundizar en la Palabra y servir con excelencia y sensibilidad pastoral. Su esfuerzo y testimonio son parte esencial del prop\u00f3sito que nos anima: formar personas capaces de unir la fe con el pensamiento, la teolog\u00eda con la vida y el conocimiento con el servicio.<\/p>\n\n\n\n<p style=\"font-size:14px\">A la vez, extendemos una <strong>invitaci\u00f3n abierta a pastores, pastoras y l\u00edderes cristianos<\/strong> que deseen seguir aprendiendo y reflexionando desde una perspectiva b\u00edblica, teol\u00f3gica y latinoamericana. La ETP ofrece un espacio de estudio riguroso, di\u00e1logo fraterno y acompa\u00f1amiento pastoral, donde cada estudiante es llamado a discernir su vocaci\u00f3n y aportar, desde su fe, a la transformaci\u00f3n de la Iglesia y de la sociedad.<\/p>\n\n\n\n<p style=\"font-size:14px\"><strong>Mag. Texia Anabal\u00f3n Navarrete<\/strong><br>Direcci\u00f3n Acad\u00e9mica \u2013 Escuela de Teolog\u00eda y Posgrado (ETP)<\/p>\n<\/div>\n<\/div>\n\n\n\n<div class=\"wp-block-columns alignwide is-layout-flex wp-container-core-columns-is-layout-28f84493 wp-block-columns-is-layout-flex\">\n<div class=\"wp-block-column is-layout-flow wp-block-column-is-layout-flow\"><\/div>\n<\/div>\n\n\n\n<div class=\"wp-block-columns alignwide is-layout-flex wp-container-core-columns-is-layout-28f84493 wp-block-columns-is-layout-flex\">\n<div class=\"wp-block-column has-background is-layout-flow wp-block-column-is-layout-flow\" style=\"background-color:#dbe0e1\">\n<p><\/p>\n\n\n\n<p class=\"has-text-align-center\"><strong>Descargar Tr\u00edptico ETP<\/strong><\/p>\n\n\n\n<figure class=\"wp-block-image aligncenter size-full is-resized\"><a href=\"https:\/\/drive.google.com\/file\/d\/1Zg7mF7h4BdaUYTFN9yvapaLbAYLTn9AK\/view?usp=sharing\"><img loading=\"lazy\" decoding=\"async\" width=\"984\" height=\"711\" src=\"https:\/\/escuelateologica.cl\/wp-content\/uploads\/2025\/11\/image.png\" alt=\"\" class=\"wp-image-419\" style=\"width:105px;height:auto\" srcset=\"https:\/\/escuelateologica.cl\/wp-content\/uploads\/2025\/11\/image.png 984w, https:\/\/escuelateologica.cl\/wp-content\/uploads\/2025\/11\/image-300x217.png 300w, https:\/\/escuelateologica.cl\/wp-content\/uploads\/2025\/11\/image-768x555.png 768w\" sizes=\"auto, (max-width: 984px) 100vw, 984px\" \/><\/a><\/figure>\n\n\n\n<p class=\"has-text-align-center\"><a href=\"https:\/\/drive.google.com\/file\/d\/1Zg7mF7h4BdaUYTFN9yvapaLbAYLTn9AK\/view?usp=sharing\">Descargar Aqu\u00ed<\/a><\/p>\n\n\n\n<p><\/p>\n<\/div>\n\n\n\n<div class=\"wp-block-column has-background is-layout-flow wp-block-column-is-layout-flow\" style=\"background-color:#dbe0e1\">\n<p><\/p>\n\n\n\n<p class=\"has-text-align-center\"><strong>Solicitud de Informaci\u00f3n<\/strong><\/p>\n\n\n\n<div class=\"wp-block-columns is-layout-flex wp-container-core-columns-is-layout-28f84493 wp-block-columns-is-layout-flex\">\n<div class=\"wp-block-column is-layout-flow wp-block-column-is-layout-flow\">\n<figure class=\"wp-block-image aligncenter size-full is-resized\"><a href=\"https:\/\/docs.google.com\/forms\/d\/e\/1FAIpQLSeU7W1cy7w2sbyu91Z7fjtWIfJME757J95Znjqqf1UKVuD9AA\/viewform?usp=sharing&amp;ouid=105610021388035236381\"><img loading=\"lazy\" decoding=\"async\" width=\"456\" height=\"500\" src=\"https:\/\/escuelateologica.cl\/wp-content\/uploads\/2025\/11\/formulario-burdeo-1.png\" alt=\"\" class=\"wp-image-203\" style=\"width:63px;height:auto\" srcset=\"https:\/\/escuelateologica.cl\/wp-content\/uploads\/2025\/11\/formulario-burdeo-1.png 456w, https:\/\/escuelateologica.cl\/wp-content\/uploads\/2025\/11\/formulario-burdeo-1-274x300.png 274w\" sizes=\"auto, (max-width: 456px) 100vw, 456px\" \/><\/a><\/figure>\n<\/div>\n<\/div>\n<\/div>\n\n\n\n<div class=\"wp-block-column has-background is-layout-flow wp-block-column-is-layout-flow\" style=\"background-color:#dbe0e1\">\n<p><\/p>\n\n\n\n<p class=\"has-text-align-center\"><strong>Requisitos t\u00e9cnicos para clases Virtual<\/strong><\/p>\n\n\n\n<figure class=\"wp-block-image aligncenter size-full is-resized\"><a href=\"https:\/\/drive.google.com\/file\/d\/1go2nXWWFzeqAVqmzrtpXNRLxmdIIGH2U\/view?usp=sharing\"><img loading=\"lazy\" decoding=\"async\" width=\"512\" height=\"512\" src=\"https:\/\/escuelateologica.cl\/wp-content\/uploads\/2025\/11\/pc-icono-burdeo.png\" alt=\"\" class=\"wp-image-420\" style=\"width:71px;height:auto\" srcset=\"https:\/\/escuelateologica.cl\/wp-content\/uploads\/2025\/11\/pc-icono-burdeo.png 512w, https:\/\/escuelateologica.cl\/wp-content\/uploads\/2025\/11\/pc-icono-burdeo-300x300.png 300w, https:\/\/escuelateologica.cl\/wp-content\/uploads\/2025\/11\/pc-icono-burdeo-150x150.png 150w\" sizes=\"auto, (max-width: 512px) 100vw, 512px\" \/><\/a><\/figure>\n<\/div>\n<\/div>\n\n\n\n<p><\/p>\n","protected":false},"excerpt":{"rendered":"<p>\u00bfQui\u00e9nes Somos? La Escuela de Teolog\u00eda y Posgrado (ETP) es una instituci\u00f3n de formaci\u00f3n teol\u00f3gica comprometida con la fidelidad a la Palabra de Dios, el rigor acad\u00e9mico y el servicio pastoral. Nacemos con la convicci\u00f3n de que la teolog\u00eda no es solo conocimiento, sino vocaci\u00f3n, responsabilidad y transformaci\u00f3n. Creemos que interpretar la Escritura exige disciplina [&hellip;]<\/p>\n","protected":false},"author":1,"featured_media":0,"parent":0,"menu_order":2,"comment_status":"closed","ping_status":"closed","template":"","meta":{"footnotes":""},"class_list":["post-11","page","type-page","status-publish","hentry"],"_hostinger_reach_plugin_has_subscription_block":false,"_hostinger_reach_plugin_is_elementor":false,"_links":{"self":[{"href":"https:\/\/escuelateologica.cl\/index.php?rest_route=\/wp\/v2\/pages\/11","targetHints":{"allow":["GET"]}}],"collection":[{"href":"https:\/\/escuelateologica.cl\/index.php?rest_route=\/wp\/v2\/pages"}],"about":[{"href":"https:\/\/escuelateologica.cl\/index.php?rest_route=\/wp\/v2\/types\/page"}],"author":[{"embeddable":true,"href":"https:\/\/escuelateologica.cl\/index.php?rest_route=\/wp\/v2\/users\/1"}],"replies":[{"embeddable":true,"href":"https:\/\/escuelateologica.cl\/index.php?rest_route=%2Fwp%2Fv2%2Fcomments&post=11"}],"version-history":[{"count":23,"href":"https:\/\/escuelateologica.cl\/index.php?rest_route=\/wp\/v2\/pages\/11\/revisions"}],"predecessor-version":[{"id":604,"href":"https:\/\/escuelateologica.cl\/index.php?rest_route=\/wp\/v2\/pages\/11\/revisions\/604"}],"wp:attachment":[{"href":"https:\/\/escuelateologica.cl\/index.php?rest_route=%2Fwp%2Fv2%2Fmedia&parent=11"}],"curies":[{"name":"wp","href":"https:\/\/api.w.org\/{rel}","templated":true}]}}