{"id":347,"date":"2025-11-04T20:46:17","date_gmt":"2025-11-04T20:46:17","guid":{"rendered":"https:\/\/escuelateologica.cl\/?page_id=347"},"modified":"2026-03-04T00:12:48","modified_gmt":"2026-03-04T00:12:48","slug":"inicio","status":"publish","type":"page","link":"https:\/\/escuelateologica.cl\/","title":{"rendered":"Inicio"},"content":{"rendered":"\n<div class=\"wp-block-cover alignfull\" style=\"min-height:438px;aspect-ratio:unset;\"><img loading=\"lazy\" decoding=\"async\" width=\"626\" height=\"417\" class=\"wp-block-cover__image-background wp-image-38 size-full\" alt=\"\" src=\"https:\/\/escuelateologica.cl\/wp-content\/uploads\/2025\/11\/bodegon-libros-antiguos-iluminados-juego-velas-dia-libro-lectura-amor-libros_673750-501.avif\" data-object-fit=\"cover\" srcset=\"https:\/\/escuelateologica.cl\/wp-content\/uploads\/2025\/11\/bodegon-libros-antiguos-iluminados-juego-velas-dia-libro-lectura-amor-libros_673750-501.avif 626w, https:\/\/escuelateologica.cl\/wp-content\/uploads\/2025\/11\/bodegon-libros-antiguos-iluminados-juego-velas-dia-libro-lectura-amor-libros_673750-501-300x200.avif 300w\" sizes=\"auto, (max-width: 626px) 100vw, 626px\" \/><span aria-hidden=\"true\" class=\"wp-block-cover__background has-background-dim-0 has-background-dim\"><\/span><div class=\"wp-block-cover__inner-container is-layout-flow wp-block-cover-is-layout-flow\">\n<div class=\"wp-block-columns is-layout-flex wp-container-core-columns-is-layout-28f84493 wp-block-columns-is-layout-flex\">\n<div class=\"wp-block-column is-layout-flow wp-block-column-is-layout-flow\">\n<figure class=\"wp-block-image aligncenter size-full is-resized\"><img loading=\"lazy\" decoding=\"async\" width=\"694\" height=\"444\" src=\"https:\/\/escuelateologica.cl\/wp-content\/uploads\/2025\/11\/LOGOTIPO-ETP-BLANCO-SIN-FONDO.png\" alt=\"\" class=\"wp-image-37\" style=\"width:272px;height:auto\" srcset=\"https:\/\/escuelateologica.cl\/wp-content\/uploads\/2025\/11\/LOGOTIPO-ETP-BLANCO-SIN-FONDO.png 694w, https:\/\/escuelateologica.cl\/wp-content\/uploads\/2025\/11\/LOGOTIPO-ETP-BLANCO-SIN-FONDO-300x192.png 300w\" sizes=\"auto, (max-width: 694px) 100vw, 694px\" \/><\/figure>\n\n\n\n<div class=\"wp-block-columns is-layout-flex wp-container-core-columns-is-layout-28f84493 wp-block-columns-is-layout-flex\">\n<div class=\"wp-block-column is-layout-flow wp-block-column-is-layout-flow\"><\/div>\n<\/div>\n<\/div>\n<\/div>\n\n\n\n<div class=\"wp-block-columns is-layout-flex wp-container-core-columns-is-layout-28f84493 wp-block-columns-is-layout-flex\">\n<div class=\"wp-block-column is-layout-flow wp-block-column-is-layout-flow\">\n<p class=\"has-text-align-center has-background-color has-text-color has-link-color has-x-large-font-size wp-elements-4024b87637fdc9cfe14633c7eb4d78b0\"><em><strong>\u201cEstudiar teolog\u00eda es abrir el coraz\u00f3n al misterio de Dios<\/strong><\/em><\/p>\n\n\n\n<p class=\"has-text-align-center has-tertiary-color has-text-color has-link-color has-x-large-font-size wp-elements-488b793542c3545c142cba2f8104975f\"><em><strong>y al servicio del pr\u00f3jimo\u201d<\/strong><\/em><\/p>\n<\/div>\n<\/div>\n<\/div><\/div>\n\n\n\n<div style=\"height:43px\" aria-hidden=\"true\" class=\"wp-block-spacer\"><\/div>\n\n\n\n<div class=\"wp-block-columns alignwide is-layout-flex wp-container-core-columns-is-layout-28f84493 wp-block-columns-is-layout-flex\">\n<div class=\"wp-block-column is-layout-flow wp-block-column-is-layout-flow\">\n<div class=\"wp-block-columns is-layout-flex wp-container-core-columns-is-layout-28f84493 wp-block-columns-is-layout-flex\">\n<div class=\"wp-block-column is-layout-flow wp-block-column-is-layout-flow\"><\/div>\n<\/div>\n<\/div>\n<\/div>\n\n\n\n<div class=\"wp-block-columns alignwide is-layout-flex wp-container-core-columns-is-layout-28f84493 wp-block-columns-is-layout-flex\">\n<div class=\"wp-block-column neve-duotone has-background is-layout-flow wp-block-column-is-layout-flow\" style=\"background-color:#d9d9e0;padding-right:var(--wp--preset--spacing--30);padding-left:var(--wp--preset--spacing--30)\">\n<div style=\"height:16px\" aria-hidden=\"true\" class=\"wp-block-spacer\"><\/div>\n\n\n\n<figure class=\"wp-block-image aligncenter size-full is-resized has-custom-border icon-style is-style-default wp-duotone-unset-1\"><a href=\"https:\/\/escuelateologica.cl\/?page_id=11\"><img loading=\"lazy\" decoding=\"async\" width=\"348\" height=\"348\" src=\"https:\/\/escuelateologica.cl\/wp-content\/uploads\/2025\/11\/comunidad.png\" alt=\"\" class=\"wp-image-39\" style=\"border-radius:0px;width:74px;height:auto\" title=\"\" srcset=\"https:\/\/escuelateologica.cl\/wp-content\/uploads\/2025\/11\/comunidad.png 348w, https:\/\/escuelateologica.cl\/wp-content\/uploads\/2025\/11\/comunidad-300x300.png 300w, https:\/\/escuelateologica.cl\/wp-content\/uploads\/2025\/11\/comunidad-150x150.png 150w\" sizes=\"auto, (max-width: 348px) 100vw, 348px\" \/><\/a><\/figure>\n\n\n\n<h5 class=\"wp-block-heading has-text-align-center has-text-color has-small-font-size\" style=\"color:#631005\"><a href=\"https:\/\/escuelateologica.cl\/?page_id=11\">\u00bfQui\u00e9nes Somos?<\/a><\/h5>\n\n\n\n<p class=\"has-text-align-center\">Con\u00f3cenos y a nuestra historia.<\/p>\n\n\n\n<div style=\"height:20px\" aria-hidden=\"true\" class=\"wp-block-spacer\"><\/div>\n<\/div>\n\n\n\n<div class=\"wp-block-column has-background is-layout-flow wp-block-column-is-layout-flow\" style=\"background-color:#d9d9e0;padding-right:var(--wp--preset--spacing--30);padding-left:var(--wp--preset--spacing--30)\">\n<div style=\"height:16px\" aria-hidden=\"true\" class=\"wp-block-spacer\"><\/div>\n\n\n\n<figure class=\"wp-block-image aligncenter size-full is-resized has-custom-border icon-style is-style-default\"><a href=\"https:\/\/escuelateologica.cl\/?page_id=10\"><img loading=\"lazy\" decoding=\"async\" width=\"562\" height=\"512\" src=\"https:\/\/escuelateologica.cl\/wp-content\/uploads\/2025\/11\/icono-programs-o-cursos.png\" alt=\"\" class=\"wp-image-43\" style=\"border-radius:0px;width:80px;height:auto\" title=\"\" srcset=\"https:\/\/escuelateologica.cl\/wp-content\/uploads\/2025\/11\/icono-programs-o-cursos.png 562w, https:\/\/escuelateologica.cl\/wp-content\/uploads\/2025\/11\/icono-programs-o-cursos-300x273.png 300w\" sizes=\"auto, (max-width: 562px) 100vw, 562px\" \/><\/a><\/figure>\n\n\n\n<h5 class=\"wp-block-heading has-text-align-center has-text-color has-small-font-size\" style=\"color:#631005\"><a href=\"https:\/\/escuelateologica.cl\/?page_id=10\">Programas<\/a><\/h5>\n\n\n\n<p class=\"has-text-align-center\">Inf\u00f3rmate aqu\u00ed de los distintos programas de estudios.<\/p>\n\n\n\n<div style=\"height:20px\" aria-hidden=\"true\" class=\"wp-block-spacer\"><\/div>\n<\/div>\n\n\n\n<div class=\"wp-block-column has-background is-layout-flow wp-block-column-is-layout-flow\" style=\"background-color:#d9d9e0;padding-right:var(--wp--preset--spacing--30);padding-left:var(--wp--preset--spacing--30)\">\n<div style=\"height:16px\" aria-hidden=\"true\" class=\"wp-block-spacer\"><\/div>\n\n\n\n<figure class=\"wp-block-image aligncenter size-full is-resized has-custom-border icon-style is-style-default wp-duotone-unset-2\"><a href=\"https:\/\/escuelateologica.cl\/?page_id=152\"><img loading=\"lazy\" decoding=\"async\" width=\"796\" height=\"584\" src=\"https:\/\/escuelateologica.cl\/wp-content\/uploads\/2025\/11\/equipo-docente.png\" alt=\"\" class=\"wp-image-44\" style=\"border-radius:0px;width:97px;height:auto\" title=\"\" srcset=\"https:\/\/escuelateologica.cl\/wp-content\/uploads\/2025\/11\/equipo-docente.png 796w, https:\/\/escuelateologica.cl\/wp-content\/uploads\/2025\/11\/equipo-docente-300x220.png 300w, https:\/\/escuelateologica.cl\/wp-content\/uploads\/2025\/11\/equipo-docente-768x563.png 768w\" sizes=\"auto, (max-width: 796px) 100vw, 796px\" \/><\/a><\/figure>\n\n\n\n<h5 class=\"wp-block-heading has-text-align-center has-text-color has-small-font-size\" style=\"color:#631005\"><a href=\"https:\/\/escuelateologica.cl\/?page_id=152\">Docentes<\/a><\/h5>\n\n\n\n<p class=\"has-text-align-center\">Conoce a nuestro equipo de Docentes.<\/p>\n\n\n\n<div style=\"height:20px\" aria-hidden=\"true\" class=\"wp-block-spacer\"><\/div>\n<\/div>\n\n\n\n<div class=\"wp-block-column has-background is-layout-flow wp-block-column-is-layout-flow\" style=\"background-color:#d9d9e0;padding-right:var(--wp--preset--spacing--30);padding-left:var(--wp--preset--spacing--30)\">\n<div style=\"height:16px\" aria-hidden=\"true\" class=\"wp-block-spacer\"><\/div>\n\n\n\n<figure class=\"wp-block-image aligncenter size-full is-resized has-custom-border icon-style is-style-default wp-duotone-unset-3\"><a href=\"https:\/\/campus.escuelateologica.cl\/login\/index.php\"><img loading=\"lazy\" decoding=\"async\" width=\"624\" height=\"567\" src=\"https:\/\/escuelateologica.cl\/wp-content\/uploads\/2025\/11\/iconos-campus-virtual.png\" alt=\"\" class=\"wp-image-42\" style=\"border-radius:0px;width:83px;height:auto\" title=\"\" srcset=\"https:\/\/escuelateologica.cl\/wp-content\/uploads\/2025\/11\/iconos-campus-virtual.png 624w, https:\/\/escuelateologica.cl\/wp-content\/uploads\/2025\/11\/iconos-campus-virtual-300x273.png 300w\" sizes=\"auto, (max-width: 624px) 100vw, 624px\" \/><\/a><\/figure>\n\n\n\n<h5 class=\"wp-block-heading has-text-align-center has-text-color has-small-font-size\" style=\"color:#631005\"><a href=\"https:\/\/campus.escuelateologica.cl\/login\/index.php\">Campus Virtual<\/a><\/h5>\n\n\n\n<p class=\"has-text-align-center\">Aqu\u00ed podr\u00e1s ingresar al Campus Virtual de ETP<\/p>\n\n\n\n<div style=\"height:20px\" aria-hidden=\"true\" class=\"wp-block-spacer\"><\/div>\n<\/div>\n<\/div>\n\n\n\n<div class=\"wp-block-columns alignwide is-layout-flex wp-container-core-columns-is-layout-28f84493 wp-block-columns-is-layout-flex\">\n<div class=\"wp-block-column is-layout-flow wp-block-column-is-layout-flow\"><\/div>\n<\/div>\n\n\n\n<div class=\"wp-block-columns is-layout-flex wp-container-core-columns-is-layout-28f84493 wp-block-columns-is-layout-flex\">\n<div class=\"wp-block-column is-layout-flow wp-block-column-is-layout-flow\">\n<p class=\"has-text-align-center has-text-color has-link-color wp-elements-aa66c17f0bf63b966e3b7bf00e4c98da\" style=\"color:#5e0404\"><strong>Formaci\u00f3n con Metodolog\u00eda Dual<\/strong> <strong>Formativa ETP<\/strong><\/p>\n<\/div>\n<\/div>\n\n\n\n<div class=\"wp-block-columns alignwide is-layout-flex wp-container-core-columns-is-layout-28f84493 wp-block-columns-is-layout-flex\">\n<div class=\"wp-block-column is-layout-flow wp-block-column-is-layout-flow\">\n<div class=\"wp-block-columns is-layout-flex wp-container-core-columns-is-layout-28f84493 wp-block-columns-is-layout-flex\">\n<div class=\"wp-block-column is-layout-flow wp-block-column-is-layout-flow\">\n<div class=\"wp-block-columns is-layout-flex wp-container-core-columns-is-layout-28f84493 wp-block-columns-is-layout-flex\">\n<div class=\"wp-block-column is-layout-flow wp-block-column-is-layout-flow\">\n<p class=\"has-text-color has-link-color wp-elements-aa57a4c239c242662c23969d7ed9aef6\" style=\"color:#700303\"><strong><em>Formaci\u00f3n acad\u00e9mica con vocaci\u00f3n en acci\u00f3n.<\/em><\/strong><\/p>\n\n\n\n<p class=\"has-small-font-size\">En la Escuela de Teolog\u00eda y Posgrado creemos que la formaci\u00f3n teol\u00f3gica no ocurre \u00fanicamente en el aula. Por eso implementamos nuestra Metodolog\u00eda Dual Formativa ETP, un modelo que integra estudio b\u00edblico riguroso y experiencia real de servicio desde el primer a\u00f1o.<\/p>\n\n\n\n<p class=\"has-small-font-size\">Durante los tres primeros a\u00f1os, el estudiante participa activamente en espacios acordes a su vocaci\u00f3n \u2014iglesias, capellan\u00edas, proyectos comunitarios o ministerios sociales\u2014 acompa\u00f1ando su proceso con reflexi\u00f3n formativa guiada. No se trata de cumplir horas, sino de descubrir el llamado, desarrollar sensibilidad pastoral y aprender a encarnar la teolog\u00eda en la vida real.<\/p>\n\n\n\n<p class=\"has-small-font-size\">En el \u00faltimo a\u00f1o, esta experiencia se consolida con mayor profundidad acad\u00e9mica y proyecci\u00f3n ministerial, integrando vocaci\u00f3n, conocimiento y servicio.<\/p>\n\n\n\n<p class=\"has-small-font-size\"><a href=\"https:\/\/escuelateologica.cl\/?page_id=606\">\ud83d\udd18 <em>Conoce m\u00e1s sobre nuestra metodolog\u00eda formativa<\/em><\/a><\/p>\n<\/div>\n<\/div>\n<\/div>\n<\/div>\n<\/div>\n<\/div>\n\n\n\n<div class=\"wp-block-columns is-layout-flex wp-container-core-columns-is-layout-28f84493 wp-block-columns-is-layout-flex\">\n<div class=\"wp-block-column is-layout-flow wp-block-column-is-layout-flow\" style=\"padding-top:var(--wp--preset--spacing--50);padding-bottom:var(--wp--preset--spacing--50)\"><\/div>\n<\/div>\n\n\n\n<div class=\"wp-block-columns alignwide is-layout-flex wp-container-core-columns-is-layout-28f84493 wp-block-columns-is-layout-flex\">\n<div class=\"wp-block-column is-layout-flow wp-block-column-is-layout-flow\">\n<div class=\"wp-block-columns is-layout-flex wp-container-core-columns-is-layout-28f84493 wp-block-columns-is-layout-flex\">\n<div class=\"wp-block-column is-layout-flow wp-block-column-is-layout-flow\">\n<p class=\"has-text-align-center has-text-color has-link-color wp-elements-bde6ab249a8d663a6fa969ed57880184\" style=\"color:#7e0606\"><strong>Filosof\u00eda Institucional<\/strong><\/p>\n\n\n\n<p class=\"has-small-font-size\">La Escuela de Teolog\u00eda y Posgrado (ETP) entiende la formaci\u00f3n teol\u00f3gica como un proceso integral que une fidelidad b\u00edblica, rigor acad\u00e9mico y sensibilidad espiritual. La Escritura constituye la base y autoridad para la reflexi\u00f3n teol\u00f3gica, y su estudio exige disciplina metodol\u00f3gica, humildad intelectual y compromiso pastoral.<\/p>\n\n\n\n<p class=\"has-small-font-size\">La ETP promueve una pedagog\u00eda progresiva y formativa, en la que el estudiante aprende a observar, analizar e interpretar el texto b\u00edblico con responsabilidad, evitando tanto la improvisaci\u00f3n interpretativa como el reduccionismo acad\u00e9mico. La formaci\u00f3n integra estudio hist\u00f3rico y literario de la Escritura, desarrollo del pensamiento cr\u00edtico y acompa\u00f1amiento formativo, reconociendo que la teolog\u00eda no es solo conocimiento, sino tambi\u00e9n discernimiento, experiencia y transformaci\u00f3n.<\/p>\n\n\n\n<p class=\"has-small-font-size\">Desde una conciencia contextual latinoamericana, la instituci\u00f3n fomenta una lectura b\u00edblica que dialogue con la realidad social, cultural y eclesial de nuestro entorno. La teolog\u00eda es comprendida como servicio a la Iglesia y a la sociedad, orientada a la formaci\u00f3n de l\u00edderes capaces de comunicar la Palabra con integridad, vivirla con coherencia y aplicarla con responsabilidad en su contexto.<\/p>\n<\/div>\n<\/div>\n<\/div>\n<\/div>\n\n\n\n<div class=\"wp-block-columns alignwide is-layout-flex wp-container-core-columns-is-layout-28f84493 wp-block-columns-is-layout-flex\">\n<div class=\"wp-block-column is-layout-flow wp-block-column-is-layout-flow\" style=\"padding-top:var(--wp--preset--spacing--50);padding-bottom:var(--wp--preset--spacing--50)\"><\/div>\n<\/div>\n\n\n\n<div class=\"wp-block-columns alignwide is-layout-flex wp-container-core-columns-is-layout-81fd36f7 wp-block-columns-is-layout-flex\" style=\"border-style:none;border-width:0px;border-radius:0px;margin-top:0;margin-bottom:0;padding-top:0;padding-right:0;padding-bottom:0;padding-left:0\">\n<div class=\"wp-block-column is-layout-constrained wp-container-core-column-is-layout-4383d167 wp-block-column-is-layout-constrained\">\n<figure class=\"wp-block-image size-large has-custom-border\"><img loading=\"lazy\" decoding=\"async\" width=\"724\" height=\"1024\" src=\"https:\/\/escuelateologica.cl\/wp-content\/uploads\/2025\/11\/FLYER-MAESTRIA-TEO-LAT.2026-724x1024.jpg\" alt=\"\" class=\"wp-image-201\" style=\"border-style:none;border-width:0px;border-radius:0px\" srcset=\"https:\/\/escuelateologica.cl\/wp-content\/uploads\/2025\/11\/FLYER-MAESTRIA-TEO-LAT.2026-724x1024.jpg 724w, https:\/\/escuelateologica.cl\/wp-content\/uploads\/2025\/11\/FLYER-MAESTRIA-TEO-LAT.2026-212x300.jpg 212w, https:\/\/escuelateologica.cl\/wp-content\/uploads\/2025\/11\/FLYER-MAESTRIA-TEO-LAT.2026-768x1086.jpg 768w, https:\/\/escuelateologica.cl\/wp-content\/uploads\/2025\/11\/FLYER-MAESTRIA-TEO-LAT.2026-1086x1536.jpg 1086w, https:\/\/escuelateologica.cl\/wp-content\/uploads\/2025\/11\/FLYER-MAESTRIA-TEO-LAT.2026.jpg 1414w\" sizes=\"auto, (max-width: 724px) 100vw, 724px\" \/><\/figure>\n<\/div>\n\n\n\n<div class=\"wp-block-column is-layout-flow wp-block-column-is-layout-flow\" style=\"padding-top:0;padding-bottom:0\">\n<p class=\"has-text-align-center has-text-color has-link-color has-medium-font-size wp-elements-170735c1d2a5410fed6f51cba8ed48cc\" style=\"color:#510505\"><strong>MAESTRIA EN TEOLOG\u00cdA LATINOAMERICANA<\/strong><\/p>\n\n\n\n<p class=\"has-text-color has-link-color wp-elements-4b07ca73451d23c335594a98288c20ee\" style=\"color:#590404\"><strong>Objetivo General:<\/strong><\/p>\n\n\n\n<p class=\"has-text-align-left has-small-font-size\">Formar l\u00edderes teol\u00f3gicos y agentes pastorales con una profunda comprensi\u00f3n cr\u00edtica del contexto latinoamericano, capaces de proponer respuestas b\u00edblicas, teol\u00f3gicas y<br>\u00e9ticas a los desaf\u00edos contempor\u00e1neos desde una perspectiva liberadora e integral.<\/p>\n\n\n\n<p class=\"has-text-color has-link-color wp-elements-55ff573b548cf4b781b3c1c8c07b4968\" style=\"color:#4f0202\"><strong>Requisitos:<\/strong><\/p>\n\n\n\n<p class=\"has-small-font-size\">Para postularse a la Maestr\u00eda en Teolog\u00eda<br>Latinoamericana, se requiere:<\/p>\n\n\n\n<ul class=\"wp-block-list\">\n<li class=\"has-small-font-size\">T\u00edtulo universitario de grado (bachiller o licenciatura) en Teolog\u00eda<\/li>\n\n\n\n<li class=\"has-small-font-size\">Curr\u00edculum vitae actualizado.<\/li>\n\n\n\n<li class=\"has-small-font-size\">Carta de motivaci\u00f3n donde explique las razones por las que desea cursar la Maestr\u00eda.<\/li>\n\n\n\n<li class=\"has-small-font-size\">Dos cartas de recomendaci\u00f3n acad\u00e9mica y\/o pastoral.<\/li>\n\n\n\n<li class=\"has-small-font-size\">Acceso a internet y conocimiento b\u00e1sico de herramientas digitales para participar en la modalidad virtual.<\/li>\n<\/ul>\n\n\n\n<p class=\"has-text-color has-link-color wp-elements-d13176dc15fa117efec0407951222865\" style=\"color:#5e0909\"><\/p>\n<\/div>\n<\/div>\n\n\n\n<div class=\"wp-block-columns alignwide has-background is-layout-flex wp-container-core-columns-is-layout-28f84493 wp-block-columns-is-layout-flex\" style=\"background-color:#d7d5d5\">\n<div class=\"wp-block-column is-layout-flow wp-block-column-is-layout-flow\">\n<p class=\"has-text-align-center has-text-color has-link-color has-small-font-size wp-elements-0b3861eea01b99b527f943e82e96a92e\" style=\"color:#510303\"><strong>FORMULARIO DE ADMISI\u00d3N<\/strong><\/p>\n\n\n\n<figure class=\"wp-block-image aligncenter size-full is-resized\"><a href=\"https:\/\/forms.gle\/LDjcL4mep9UZDoHt6\"><img loading=\"lazy\" decoding=\"async\" width=\"456\" height=\"500\" src=\"https:\/\/escuelateologica.cl\/wp-content\/uploads\/2025\/11\/formulario-burdeo-1.png\" alt=\"\" class=\"wp-image-203\" style=\"width:60px;height:auto\" srcset=\"https:\/\/escuelateologica.cl\/wp-content\/uploads\/2025\/11\/formulario-burdeo-1.png 456w, https:\/\/escuelateologica.cl\/wp-content\/uploads\/2025\/11\/formulario-burdeo-1-274x300.png 274w\" sizes=\"auto, (max-width: 456px) 100vw, 456px\" \/><\/a><\/figure>\n\n\n\n<p class=\"has-text-align-center\"><strong><a href=\"https:\/\/forms.gle\/LDjcL4mep9UZDoHt6\">Abrir Aqu\u00ed<\/a><\/strong><\/p>\n<\/div>\n\n\n\n<div class=\"wp-block-column is-vertically-aligned-stretch is-layout-flow wp-block-column-is-layout-flow\">\n<p class=\"has-text-align-center has-text-color has-link-color has-small-font-size wp-elements-50954c5d60b0c95a4984428aca6b8e6d\" style=\"color:#510505\"><strong>FORMULARIO DE SOLICITUD DE BECA<\/strong><\/p>\n\n\n\n<figure class=\"wp-block-image aligncenter size-full is-resized\"><a href=\"https:\/\/drive.google.com\/file\/d\/1_ifQ5z4VPQSL3g24VKEc3ScSXxe-MinJ\/view?usp=sharing\"><img loading=\"lazy\" decoding=\"async\" width=\"600\" height=\"600\" src=\"https:\/\/escuelateologica.cl\/wp-content\/uploads\/2025\/11\/ICONO-beca-1.png\" alt=\"\" class=\"wp-image-142\" style=\"width:70px;height:auto\" srcset=\"https:\/\/escuelateologica.cl\/wp-content\/uploads\/2025\/11\/ICONO-beca-1.png 600w, https:\/\/escuelateologica.cl\/wp-content\/uploads\/2025\/11\/ICONO-beca-1-300x300.png 300w, https:\/\/escuelateologica.cl\/wp-content\/uploads\/2025\/11\/ICONO-beca-1-150x150.png 150w\" sizes=\"auto, (max-width: 600px) 100vw, 600px\" \/><\/a><\/figure>\n\n\n\n<p class=\"has-text-align-center\"><strong><a href=\"https:\/\/drive.google.com\/file\/d\/1_ifQ5z4VPQSL3g24VKEc3ScSXxe-MinJ\/view?usp=sharing\">Descargar<\/a><\/strong><\/p>\n<\/div>\n\n\n\n<div class=\"wp-block-column is-layout-flow wp-block-column-is-layout-flow\">\n<p class=\"has-text-align-center has-text-color has-link-color has-small-font-size wp-elements-6ebc8e15805099a466421722c0a4e261\" style=\"color:#4f0505\"><strong>TRIPTICO DE INFORMACI\u00d3N<\/strong><\/p>\n\n\n\n<figure class=\"wp-block-image aligncenter size-full is-resized\"><a href=\"https:\/\/drive.google.com\/file\/d\/1yCSz7vkffyI-hm0hE2ygZuzvQLr3Ee8Y\/view?usp=sharing\"><img loading=\"lazy\" decoding=\"async\" width=\"904\" height=\"637\" src=\"https:\/\/escuelateologica.cl\/wp-content\/uploads\/2025\/11\/MAESTRIA-lATINOAMERICANA-ICONO.png\" alt=\"\" class=\"wp-image-202\" style=\"width:114px;height:auto\" srcset=\"https:\/\/escuelateologica.cl\/wp-content\/uploads\/2025\/11\/MAESTRIA-lATINOAMERICANA-ICONO.png 904w, https:\/\/escuelateologica.cl\/wp-content\/uploads\/2025\/11\/MAESTRIA-lATINOAMERICANA-ICONO-300x211.png 300w, https:\/\/escuelateologica.cl\/wp-content\/uploads\/2025\/11\/MAESTRIA-lATINOAMERICANA-ICONO-768x541.png 768w\" sizes=\"auto, (max-width: 904px) 100vw, 904px\" \/><\/a><\/figure>\n\n\n\n<p class=\"has-text-align-center\"><strong><a href=\"https:\/\/drive.google.com\/file\/d\/1yCSz7vkffyI-hm0hE2ygZuzvQLr3Ee8Y\/view?usp=sharing\">Descargar<\/a><\/strong><\/p>\n<\/div>\n<\/div>\n\n\n\n<div class=\"wp-block-cover alignfull\" style=\"min-height:387px;aspect-ratio:unset;\"><span aria-hidden=\"true\" class=\"wp-block-cover__background has-background-dim-100 has-background-dim\" style=\"background-color:#02052c\"><\/span><div class=\"wp-block-cover__inner-container is-layout-flow wp-block-cover-is-layout-flow\">\n<div class=\"wp-block-columns is-layout-flex wp-container-core-columns-is-layout-28f84493 wp-block-columns-is-layout-flex\">\n<div class=\"wp-block-column is-layout-flow wp-block-column-is-layout-flow\" style=\"flex-basis:20%\"><\/div>\n\n\n\n<div class=\"wp-block-column is-layout-flow wp-block-column-is-layout-flow\" style=\"flex-basis:60%\">\n<div class=\"wp-block-group is-layout-constrained wp-block-group-is-layout-constrained\">\n<figure class=\"wp-block-image aligncenter size-full is-resized\"><img loading=\"lazy\" decoding=\"async\" width=\"289\" height=\"235\" src=\"https:\/\/escuelateologica.cl\/wp-content\/uploads\/2025\/11\/BECA-DE-ESTUDIO-ETP-1.png\" alt=\"\" class=\"wp-image-210\" style=\"width:176px;height:auto\"\/><\/figure>\n\n\n\n<p class=\"has-text-align-center has-white-color has-text-color has-link-color wp-elements-00161ab49905b5a778dc6a01a897a9ae\">Haz tu donaci\u00f3n y beca a un hermano(a) en Cristo para darle la oportunidad de Estudiar.<\/p>\n\n\n\n<p class=\"has-text-align-center has-white-color has-text-color has-link-color has-medium-font-size wp-elements-0fb90edc4037571b4a097c7d24c2caa2\"><em>\u00a1Aviva el Fuego del don de Dios que est\u00e1 en ti!<\/em><\/p>\n\n\n\n<div class=\"wp-block-buttons is-horizontal is-content-justification-center is-layout-flex wp-container-core-buttons-is-layout-03627597 wp-block-buttons-is-layout-flex\">\n<div class=\"wp-block-button is-style-primary\"><a class=\"wp-block-button__link has-text-color has-background has-link-color has-text-align-center wp-element-button\" href=\"https:\/\/escuelateologica.cl\/contact\/\" style=\"color:#000000;background-color:#ffffff\">Cont\u00e1ctanos<\/a><\/div>\n<\/div>\n<\/div>\n<\/div>\n\n\n\n<div class=\"wp-block-column is-layout-flow wp-block-column-is-layout-flow\" style=\"flex-basis:20%\"><\/div>\n<\/div>\n<\/div><\/div>\n","protected":false},"excerpt":{"rendered":"<p>\u00bfQui\u00e9nes Somos? Con\u00f3cenos y a nuestra historia. Programas Inf\u00f3rmate aqu\u00ed de los distintos programas de estudios. Docentes Conoce a nuestro equipo de Docentes. Campus Virtual Aqu\u00ed podr\u00e1s ingresar al Campus Virtual de ETP Formaci\u00f3n con Metodolog\u00eda Dual Formativa ETP Formaci\u00f3n acad\u00e9mica con vocaci\u00f3n en acci\u00f3n. En la Escuela de Teolog\u00eda y Posgrado creemos que la [&hellip;]<\/p>\n","protected":false},"author":1,"featured_media":0,"parent":0,"menu_order":0,"comment_status":"closed","ping_status":"closed","template":"","meta":{"footnotes":""},"class_list":["post-347","page","type-page","status-publish","hentry"],"_hostinger_reach_plugin_has_subscription_block":false,"_hostinger_reach_plugin_is_elementor":false,"_links":{"self":[{"href":"https:\/\/escuelateologica.cl\/index.php?rest_route=\/wp\/v2\/pages\/347","targetHints":{"allow":["GET"]}}],"collection":[{"href":"https:\/\/escuelateologica.cl\/index.php?rest_route=\/wp\/v2\/pages"}],"about":[{"href":"https:\/\/escuelateologica.cl\/index.php?rest_route=\/wp\/v2\/types\/page"}],"author":[{"embeddable":true,"href":"https:\/\/escuelateologica.cl\/index.php?rest_route=\/wp\/v2\/users\/1"}],"replies":[{"embeddable":true,"href":"https:\/\/escuelateologica.cl\/index.php?rest_route=%2Fwp%2Fv2%2Fcomments&post=347"}],"version-history":[{"count":20,"href":"https:\/\/escuelateologica.cl\/index.php?rest_route=\/wp\/v2\/pages\/347\/revisions"}],"predecessor-version":[{"id":625,"href":"https:\/\/escuelateologica.cl\/index.php?rest_route=\/wp\/v2\/pages\/347\/revisions\/625"}],"wp:attachment":[{"href":"https:\/\/escuelateologica.cl\/index.php?rest_route=%2Fwp%2Fv2%2Fmedia&parent=347"}],"curies":[{"name":"wp","href":"https:\/\/api.w.org\/{rel}","templated":true}]}}