{"id":425,"date":"2025-11-10T01:26:12","date_gmt":"2025-11-10T01:26:12","guid":{"rendered":"https:\/\/escuelateologica.cl\/?page_id=425"},"modified":"2026-02-07T02:37:46","modified_gmt":"2026-02-07T02:37:46","slug":"certificados-tecnicos","status":"publish","type":"page","link":"https:\/\/escuelateologica.cl\/?page_id=425","title":{"rendered":"Certificados T\u00e9cnicos"},"content":{"rendered":"\n<div class=\"wp-block-group alignfull is-vertical is-layout-flex wp-container-core-group-is-layout-fe9cc265 wp-block-group-is-layout-flex\">\n<p class=\"has-small-font-size\">Los <strong>cursos t\u00e9cnicos de la ETP<\/strong> ofrecen una formaci\u00f3n s\u00f3lida y accesible para quienes desean profundizar en su fe y prepararse para servir con mayor conocimiento, compromiso y amor. A lo largo de <strong>dos a\u00f1os de estudio<\/strong>, los estudiantes desarrollan una comprensi\u00f3n integral de la Biblia, la teolog\u00eda y la pr\u00e1ctica ministerial, combinando el pensamiento cr\u00edtico con una espiritualidad encarnada.<\/p>\n\n\n\n<p class=\"has-small-font-size\">Cada programa t\u00e9cnico busca <strong>unir el saber y el hacer<\/strong>, fortaleciendo las bases teol\u00f3gicas y pastorales necesarias para acompa\u00f1ar a las comunidades con sensibilidad, discernimiento y responsabilidad. Nuestra propuesta acad\u00e9mica promueve el aprendizaje participativo, el trabajo comunitario y la formaci\u00f3n integral del car\u00e1cter cristiano.<\/p>\n\n\n\n<p class=\"has-small-font-size\">En la ETP creemos que <strong>servir bien a Dios y al pr\u00f3jimo requiere preparaci\u00f3n<\/strong>, por eso formamos l\u00edderes, pastores y agentes de transformaci\u00f3n capaces de vivir y comunicar el Evangelio con excelencia, compasi\u00f3n y esperanza.<\/p>\n<\/div>\n\n\n\n<div class=\"wp-block-columns alignwide is-layout-flex wp-container-core-columns-is-layout-28f84493 wp-block-columns-is-layout-flex\">\n<div class=\"wp-block-column is-layout-flow wp-block-column-is-layout-flow\"><\/div>\n<\/div>\n\n\n\n<div class=\"wp-block-columns alignwide is-layout-flex wp-container-core-columns-is-layout-28f84493 wp-block-columns-is-layout-flex\">\n<div class=\"wp-block-column is-vertically-aligned-center is-layout-flow wp-block-column-is-layout-flow\">\n<div class=\"wp-block-columns is-layout-flex wp-container-core-columns-is-layout-28f84493 wp-block-columns-is-layout-flex\">\n<div class=\"wp-block-column is-layout-flow wp-block-column-is-layout-flow\">\n<figure class=\"wp-block-image aligncenter size-full\"><img loading=\"lazy\" decoding=\"async\" width=\"940\" height=\"788\" src=\"https:\/\/escuelateologica.cl\/wp-content\/uploads\/2025\/11\/33.png\" alt=\"\" class=\"wp-image-426\" srcset=\"https:\/\/escuelateologica.cl\/wp-content\/uploads\/2025\/11\/33.png 940w, https:\/\/escuelateologica.cl\/wp-content\/uploads\/2025\/11\/33-300x251.png 300w, https:\/\/escuelateologica.cl\/wp-content\/uploads\/2025\/11\/33-768x644.png 768w\" sizes=\"auto, (max-width: 940px) 100vw, 940px\" \/><\/figure>\n<\/div>\n\n\n\n<div class=\"wp-block-column is-layout-flow wp-block-column-is-layout-flow\">\n<figure class=\"wp-block-image aligncenter size-full\"><img loading=\"lazy\" decoding=\"async\" width=\"940\" height=\"788\" src=\"https:\/\/escuelateologica.cl\/wp-content\/uploads\/2025\/11\/44.png\" alt=\"\" class=\"wp-image-427\" srcset=\"https:\/\/escuelateologica.cl\/wp-content\/uploads\/2025\/11\/44.png 940w, https:\/\/escuelateologica.cl\/wp-content\/uploads\/2025\/11\/44-300x251.png 300w, https:\/\/escuelateologica.cl\/wp-content\/uploads\/2025\/11\/44-768x644.png 768w\" sizes=\"auto, (max-width: 940px) 100vw, 940px\" \/><\/figure>\n<\/div>\n\n\n\n<div class=\"wp-block-column is-layout-flow wp-block-column-is-layout-flow\">\n<figure class=\"wp-block-image aligncenter size-full\"><img loading=\"lazy\" decoding=\"async\" width=\"940\" height=\"788\" src=\"https:\/\/escuelateologica.cl\/wp-content\/uploads\/2025\/11\/55.png\" alt=\"\" class=\"wp-image-428\" srcset=\"https:\/\/escuelateologica.cl\/wp-content\/uploads\/2025\/11\/55.png 940w, https:\/\/escuelateologica.cl\/wp-content\/uploads\/2025\/11\/55-300x251.png 300w, https:\/\/escuelateologica.cl\/wp-content\/uploads\/2025\/11\/55-768x644.png 768w\" sizes=\"auto, (max-width: 940px) 100vw, 940px\" \/><\/figure>\n<\/div>\n<\/div>\n<\/div>\n<\/div>\n\n\n\n<div class=\"wp-block-columns alignwide is-layout-flex wp-container-core-columns-is-layout-28f84493 wp-block-columns-is-layout-flex\">\n<div class=\"wp-block-column is-layout-flow wp-block-column-is-layout-flow\">\n<p class=\"has-text-align-center\"><strong>Certificado T\u00e9cnico en Teolog\u00eda<\/strong><\/p>\n\n\n\n<p>Matr\u00edcula: $20.000<\/p>\n\n\n\n<p>Mensualidad: $30.000<\/p>\n<\/div>\n\n\n\n<div class=\"wp-block-column is-layout-flow wp-block-column-is-layout-flow\">\n<p class=\"has-text-align-center\"><strong>Certificado T\u00e9cnico en Dise\u00f1o de Proyectos de Misi\u00f3n y Desarrollo Local<\/strong><\/p>\n\n\n\n<p>Matr\u00edcula: $20.000<\/p>\n\n\n\n<p>Mensualidad: $30.000<\/p>\n<\/div>\n\n\n\n<div class=\"wp-block-column is-layout-flow wp-block-column-is-layout-flow\">\n<p class=\"has-text-align-center\"><strong>Certificado T\u00e9cnico en Misi\u00f3n Contextual en Am\u00e9rica Latina<\/strong><\/p>\n\n\n\n<p>Matr\u00edcula: $20.000<\/p>\n\n\n\n<p>Mensualidad:$30.000<\/p>\n<\/div>\n<\/div>\n\n\n\n<div class=\"wp-block-columns alignwide is-layout-flex wp-container-core-columns-is-layout-28f84493 wp-block-columns-is-layout-flex\">\n<div class=\"wp-block-column is-layout-flow wp-block-column-is-layout-flow\"><\/div>\n<\/div>\n\n\n\n<div class=\"wp-block-columns is-layout-flex wp-container-core-columns-is-layout-28f84493 wp-block-columns-is-layout-flex\">\n<div class=\"wp-block-column is-layout-flow wp-block-column-is-layout-flow\">\n<p class=\"has-text-align-center\"><strong>Formulario de Admisi\u00f3n 2026<\/strong><\/p>\n\n\n\n<figure class=\"wp-block-image aligncenter size-full is-resized\"><a href=\"https:\/\/forms.gle\/eJCa3x9k7aBS8jVAA\"><img loading=\"lazy\" decoding=\"async\" width=\"456\" height=\"500\" src=\"https:\/\/escuelateologica.cl\/wp-content\/uploads\/2025\/11\/formulario-burdeo-1.png\" alt=\"\" class=\"wp-image-203\" style=\"width:54px;height:auto\" srcset=\"https:\/\/escuelateologica.cl\/wp-content\/uploads\/2025\/11\/formulario-burdeo-1.png 456w, https:\/\/escuelateologica.cl\/wp-content\/uploads\/2025\/11\/formulario-burdeo-1-274x300.png 274w\" sizes=\"auto, (max-width: 456px) 100vw, 456px\" \/><\/a><\/figure>\n<\/div>\n\n\n\n<div class=\"wp-block-column is-layout-flow wp-block-column-is-layout-flow\"><\/div>\n<\/div>\n\n\n\n<p class=\"has-text-align-left\">                    <a href=\"https:\/\/forms.gle\/eJCa3x9k7aBS8jVAA\">  Matricula Aqu\u00ed<\/a><\/p>\n\n\n\n<p><\/p>\n","protected":false},"excerpt":{"rendered":"<p>Los cursos t\u00e9cnicos de la ETP ofrecen una formaci\u00f3n s\u00f3lida y accesible para quienes desean profundizar en su fe y prepararse para servir con mayor conocimiento, compromiso y amor. A lo largo de dos a\u00f1os de estudio, los estudiantes desarrollan una comprensi\u00f3n integral de la Biblia, la teolog\u00eda y la pr\u00e1ctica ministerial, combinando el pensamiento [&hellip;]<\/p>\n","protected":false},"author":1,"featured_media":0,"parent":10,"menu_order":0,"comment_status":"closed","ping_status":"closed","template":"","meta":{"footnotes":""},"class_list":["post-425","page","type-page","status-publish","hentry"],"_hostinger_reach_plugin_has_subscription_block":false,"_hostinger_reach_plugin_is_elementor":false,"_links":{"self":[{"href":"https:\/\/escuelateologica.cl\/index.php?rest_route=\/wp\/v2\/pages\/425","targetHints":{"allow":["GET"]}}],"collection":[{"href":"https:\/\/escuelateologica.cl\/index.php?rest_route=\/wp\/v2\/pages"}],"about":[{"href":"https:\/\/escuelateologica.cl\/index.php?rest_route=\/wp\/v2\/types\/page"}],"author":[{"embeddable":true,"href":"https:\/\/escuelateologica.cl\/index.php?rest_route=\/wp\/v2\/users\/1"}],"replies":[{"embeddable":true,"href":"https:\/\/escuelateologica.cl\/index.php?rest_route=%2Fwp%2Fv2%2Fcomments&post=425"}],"version-history":[{"count":2,"href":"https:\/\/escuelateologica.cl\/index.php?rest_route=\/wp\/v2\/pages\/425\/revisions"}],"predecessor-version":[{"id":600,"href":"https:\/\/escuelateologica.cl\/index.php?rest_route=\/wp\/v2\/pages\/425\/revisions\/600"}],"up":[{"embeddable":true,"href":"https:\/\/escuelateologica.cl\/index.php?rest_route=\/wp\/v2\/pages\/10"}],"wp:attachment":[{"href":"https:\/\/escuelateologica.cl\/index.php?rest_route=%2Fwp%2Fv2%2Fmedia&parent=425"}],"curies":[{"name":"wp","href":"https:\/\/api.w.org\/{rel}","templated":true}]}}