{"id":433,"date":"2025-11-10T01:52:44","date_gmt":"2025-11-10T01:52:44","guid":{"rendered":"https:\/\/escuelateologica.cl\/?page_id=433"},"modified":"2026-02-07T02:34:56","modified_gmt":"2026-02-07T02:34:56","slug":"bachiller-en-teologia","status":"publish","type":"page","link":"https:\/\/escuelateologica.cl\/?page_id=433","title":{"rendered":"Bachiller en Teolog\u00eda"},"content":{"rendered":"\n<figure class=\"wp-block-image aligncenter size-full\"><img loading=\"lazy\" decoding=\"async\" width=\"1400\" height=\"787\" src=\"https:\/\/escuelateologica.cl\/wp-content\/uploads\/2025\/11\/contact.jpg\" alt=\"\" class=\"wp-image-436\" srcset=\"https:\/\/escuelateologica.cl\/wp-content\/uploads\/2025\/11\/contact.jpg 1400w, https:\/\/escuelateologica.cl\/wp-content\/uploads\/2025\/11\/contact-300x169.jpg 300w, https:\/\/escuelateologica.cl\/wp-content\/uploads\/2025\/11\/contact-1024x576.jpg 1024w, https:\/\/escuelateologica.cl\/wp-content\/uploads\/2025\/11\/contact-768x432.jpg 768w\" sizes=\"auto, (max-width: 1400px) 100vw, 1400px\" \/><\/figure>\n\n\n\n<div class=\"wp-block-columns alignwide is-layout-flex wp-container-core-columns-is-layout-28f84493 wp-block-columns-is-layout-flex\">\n<div class=\"wp-block-column is-layout-flow wp-block-column-is-layout-flow\">\n<p>El Bachiller en Teolog\u00eda es un programa acad\u00e9mico dise\u00f1ado para ofrecer una formaci\u00f3n teol\u00f3gica integral, b\u00edblica y contextualizada, orientada al servicio en iglesias, comunidades cristianas, y organizaciones sociales. A lo largo de su recorrido acad\u00e9mico, el estudiante se adentra en el estudio de las Sagradas Escrituras, la historia de la Iglesia, la teolog\u00eda sistem\u00e1tica, la \u00e9tica cristiana y la pr\u00e1ctica pastoral, integrando herramientas pedag\u00f3gicas y espirituales necesarias para un liderazgo comprometido con su comunidad y con los desaf\u00edos del mundo actual.<\/p>\n\n\n\n<div class=\"wp-block-columns is-layout-flex wp-container-core-columns-is-layout-28f84493 wp-block-columns-is-layout-flex\">\n<div class=\"wp-block-column is-layout-flow wp-block-column-is-layout-flow\">\n<p><\/p>\n<\/div>\n\n\n\n<div class=\"wp-block-column is-layout-flow wp-block-column-is-layout-flow\"><\/div>\n<\/div>\n<\/div>\n<\/div>\n\n\n\n<div class=\"wp-block-columns alignwide is-layout-flex wp-container-core-columns-is-layout-28f84493 wp-block-columns-is-layout-flex\">\n<div class=\"wp-block-column is-layout-flow wp-block-column-is-layout-flow\"><\/div>\n<\/div>\n\n\n\n<div class=\"wp-block-columns is-layout-flex wp-container-core-columns-is-layout-28f84493 wp-block-columns-is-layout-flex\">\n<div class=\"wp-block-column is-layout-flow wp-block-column-is-layout-flow\">\n<p class=\"has-text-align-center has-text-color has-link-color wp-elements-d0ae29b6a99a8414b9ff442f01caa610\" style=\"color:#840404\">Formulario Admisi\u00f3n 2026<\/p>\n\n\n\n<figure class=\"wp-block-image aligncenter size-full is-resized\"><a href=\"https:\/\/forms.gle\/eJCa3x9k7aBS8jVAA\"><img loading=\"lazy\" decoding=\"async\" width=\"456\" height=\"500\" src=\"https:\/\/escuelateologica.cl\/wp-content\/uploads\/2025\/11\/formulario-burdeo-1.png\" alt=\"\" class=\"wp-image-203\" style=\"width:62px;height:auto\" srcset=\"https:\/\/escuelateologica.cl\/wp-content\/uploads\/2025\/11\/formulario-burdeo-1.png 456w, https:\/\/escuelateologica.cl\/wp-content\/uploads\/2025\/11\/formulario-burdeo-1-274x300.png 274w\" sizes=\"auto, (max-width: 456px) 100vw, 456px\" \/><\/a><\/figure>\n<\/div>\n\n\n\n<div class=\"wp-block-column is-layout-flow wp-block-column-is-layout-flow\">\n<p class=\"has-text-align-center has-text-color has-link-color wp-elements-f4a3d5164770ce7173a1c68bb17d93ee\" style=\"color:#810404\">Programa Bachiller en Teolog\u00eda<\/p>\n\n\n\n<figure class=\"wp-block-image aligncenter size-full is-resized\"><a href=\"https:\/\/drive.google.com\/file\/d\/1NXJxF5P1gJJxm6gJyw3mk3gJ3gWtkvIf\/view?usp=sharing\"><img loading=\"lazy\" decoding=\"async\" width=\"512\" height=\"512\" src=\"https:\/\/escuelateologica.cl\/wp-content\/uploads\/2025\/11\/programa.png\" alt=\"\" class=\"wp-image-515\" style=\"width:60px;height:auto\" srcset=\"https:\/\/escuelateologica.cl\/wp-content\/uploads\/2025\/11\/programa.png 512w, https:\/\/escuelateologica.cl\/wp-content\/uploads\/2025\/11\/programa-300x300.png 300w, https:\/\/escuelateologica.cl\/wp-content\/uploads\/2025\/11\/programa-150x150.png 150w\" sizes=\"auto, (max-width: 512px) 100vw, 512px\" \/><\/a><\/figure>\n<\/div>\n<\/div>\n\n\n\n<div class=\"wp-block-columns is-layout-flex wp-container-core-columns-is-layout-28f84493 wp-block-columns-is-layout-flex\">\n<div class=\"wp-block-column is-layout-flow wp-block-column-is-layout-flow\">\n<p class=\"has-text-align-center\"><a href=\"https:\/\/forms.gle\/eJCa3x9k7aBS8jVAA\">Matricula Aqu\u00ed<\/a><\/p>\n<\/div>\n\n\n\n<div class=\"wp-block-column is-layout-flow wp-block-column-is-layout-flow\">\n<p class=\"has-text-align-center\"><a href=\"https:\/\/drive.google.com\/file\/d\/1NXJxF5P1gJJxm6gJyw3mk3gJ3gWtkvIf\/view?usp=sharing\">Descargar Aqu\u00ed<\/a><\/p>\n<\/div>\n<\/div>\n\n\n\n<p><\/p>\n","protected":false},"excerpt":{"rendered":"<p>El Bachiller en Teolog\u00eda es un programa acad\u00e9mico dise\u00f1ado para ofrecer una formaci\u00f3n teol\u00f3gica integral, b\u00edblica y contextualizada, orientada al servicio en iglesias, comunidades cristianas, y organizaciones sociales. A lo largo de su recorrido acad\u00e9mico, el estudiante se adentra en el estudio de las Sagradas Escrituras, la historia de la Iglesia, la teolog\u00eda sistem\u00e1tica, la [&hellip;]<\/p>\n","protected":false},"author":1,"featured_media":0,"parent":10,"menu_order":0,"comment_status":"closed","ping_status":"closed","template":"","meta":{"footnotes":""},"class_list":["post-433","page","type-page","status-publish","hentry"],"_hostinger_reach_plugin_has_subscription_block":false,"_hostinger_reach_plugin_is_elementor":false,"_links":{"self":[{"href":"https:\/\/escuelateologica.cl\/index.php?rest_route=\/wp\/v2\/pages\/433","targetHints":{"allow":["GET"]}}],"collection":[{"href":"https:\/\/escuelateologica.cl\/index.php?rest_route=\/wp\/v2\/pages"}],"about":[{"href":"https:\/\/escuelateologica.cl\/index.php?rest_route=\/wp\/v2\/types\/page"}],"author":[{"embeddable":true,"href":"https:\/\/escuelateologica.cl\/index.php?rest_route=\/wp\/v2\/users\/1"}],"replies":[{"embeddable":true,"href":"https:\/\/escuelateologica.cl\/index.php?rest_route=%2Fwp%2Fv2%2Fcomments&post=433"}],"version-history":[{"count":7,"href":"https:\/\/escuelateologica.cl\/index.php?rest_route=\/wp\/v2\/pages\/433\/revisions"}],"predecessor-version":[{"id":597,"href":"https:\/\/escuelateologica.cl\/index.php?rest_route=\/wp\/v2\/pages\/433\/revisions\/597"}],"up":[{"embeddable":true,"href":"https:\/\/escuelateologica.cl\/index.php?rest_route=\/wp\/v2\/pages\/10"}],"wp:attachment":[{"href":"https:\/\/escuelateologica.cl\/index.php?rest_route=%2Fwp%2Fv2%2Fmedia&parent=433"}],"curies":[{"name":"wp","href":"https:\/\/api.w.org\/{rel}","templated":true}]}}