{"id":434,"date":"2025-11-10T01:57:14","date_gmt":"2025-11-10T01:57:14","guid":{"rendered":"https:\/\/escuelateologica.cl\/?page_id=434"},"modified":"2026-02-07T02:36:37","modified_gmt":"2026-02-07T02:36:37","slug":"licenciatura-en-teologia","status":"publish","type":"page","link":"https:\/\/escuelateologica.cl\/?page_id=434","title":{"rendered":"Licenciatura en Teolog\u00eda"},"content":{"rendered":"\n<figure class=\"wp-block-image alignwide size-full\"><img loading=\"lazy\" decoding=\"async\" width=\"900\" height=\"600\" src=\"https:\/\/escuelateologica.cl\/wp-content\/uploads\/2025\/11\/como-estuiar-la-biblia-01.jpg\" alt=\"\" class=\"wp-image-440\" srcset=\"https:\/\/escuelateologica.cl\/wp-content\/uploads\/2025\/11\/como-estuiar-la-biblia-01.jpg 900w, https:\/\/escuelateologica.cl\/wp-content\/uploads\/2025\/11\/como-estuiar-la-biblia-01-300x200.jpg 300w, https:\/\/escuelateologica.cl\/wp-content\/uploads\/2025\/11\/como-estuiar-la-biblia-01-768x512.jpg 768w\" sizes=\"auto, (max-width: 900px) 100vw, 900px\" \/><\/figure>\n\n\n\n<div class=\"wp-block-columns alignwide is-layout-flex wp-container-core-columns-is-layout-28f84493 wp-block-columns-is-layout-flex\">\n<div class=\"wp-block-column is-layout-flow wp-block-column-is-layout-flow\" style=\"flex-basis:100%\">\n<p>La Licenciatura en Ciencias Teol\u00f3gicas tiene como objetivo preparar a profesionales para el ejercicio de la teolog\u00eda y el ministerio pastoral en los variados contextos de Am\u00e9rica Latina. El estudiante desarrolla competencias y recursos que le capacitan para observar y analizar su vida cotidiana en sus aspectos sociales y espirituales, as\u00ed como para interpretar los textos b\u00edblicos.<\/p>\n\n\n\n<p><br><strong>Pre-requisito:<\/strong> Bachillerato en Ciencias Teol\u00f3gica*<br><strong>Duraci\u00f3n:<\/strong> 1a\u00f1o y medio<\/p>\n<\/div>\n<\/div>\n\n\n\n<div class=\"wp-block-columns alignwide is-layout-flex wp-container-core-columns-is-layout-28f84493 wp-block-columns-is-layout-flex\">\n<div class=\"wp-block-column is-layout-flow wp-block-column-is-layout-flow\"><\/div>\n<\/div>\n\n\n\n<div class=\"wp-block-columns alignwide is-layout-flex wp-container-core-columns-is-layout-28f84493 wp-block-columns-is-layout-flex\">\n<div class=\"wp-block-column is-layout-flow wp-block-column-is-layout-flow\">\n<p class=\"has-text-align-center\"><strong>Formulario de Admisi\u00f3n 2026<\/strong><\/p>\n\n\n\n<figure class=\"wp-block-image aligncenter size-full is-resized\"><a href=\"https:\/\/forms.gle\/eJCa3x9k7aBS8jVAA\"><img loading=\"lazy\" decoding=\"async\" width=\"456\" height=\"500\" src=\"https:\/\/escuelateologica.cl\/wp-content\/uploads\/2025\/11\/formulario-burdeo-1.png\" alt=\"\" class=\"wp-image-203\" style=\"width:63px;height:auto\" srcset=\"https:\/\/escuelateologica.cl\/wp-content\/uploads\/2025\/11\/formulario-burdeo-1.png 456w, https:\/\/escuelateologica.cl\/wp-content\/uploads\/2025\/11\/formulario-burdeo-1-274x300.png 274w\" sizes=\"auto, (max-width: 456px) 100vw, 456px\" \/><\/a><\/figure>\n\n\n\n<p class=\"has-text-align-center\"><a href=\"https:\/\/forms.gle\/eJCa3x9k7aBS8jVAA\">Matricula Aqu\u00ed<\/a><\/p>\n<\/div>\n\n\n\n<div class=\"wp-block-column is-layout-flow wp-block-column-is-layout-flow\">\n<p class=\"has-text-align-center\"><strong>Programa de Licenciatura en Teolog\u00eda<\/strong><\/p>\n\n\n\n<figure class=\"wp-block-image aligncenter size-full is-resized\"><a href=\"https:\/\/drive.google.com\/file\/d\/1yQ2-kh3m-ebSxi4rwhuvFMgh3q9yVY3y\/view?usp=drive_link\"><img loading=\"lazy\" decoding=\"async\" width=\"512\" height=\"512\" src=\"https:\/\/escuelateologica.cl\/wp-content\/uploads\/2025\/11\/programa.png\" alt=\"\" class=\"wp-image-515\" style=\"width:56px;height:auto\" srcset=\"https:\/\/escuelateologica.cl\/wp-content\/uploads\/2025\/11\/programa.png 512w, https:\/\/escuelateologica.cl\/wp-content\/uploads\/2025\/11\/programa-300x300.png 300w, https:\/\/escuelateologica.cl\/wp-content\/uploads\/2025\/11\/programa-150x150.png 150w\" sizes=\"auto, (max-width: 512px) 100vw, 512px\" \/><\/a><\/figure>\n\n\n\n<p class=\"has-text-align-center\"><a href=\"https:\/\/drive.google.com\/file\/d\/1yQ2-kh3m-ebSxi4rwhuvFMgh3q9yVY3y\/view?usp=drive_link\">Descargar Aqu\u00ed<\/a><\/p>\n<\/div>\n<\/div>\n\n\n\n<p><\/p>\n","protected":false},"excerpt":{"rendered":"<p>La Licenciatura en Ciencias Teol\u00f3gicas tiene como objetivo preparar a profesionales para el ejercicio de la teolog\u00eda y el ministerio pastoral en los variados contextos de Am\u00e9rica Latina. El estudiante desarrolla competencias y recursos que le capacitan para observar y analizar su vida cotidiana en sus aspectos sociales y espirituales, as\u00ed como para interpretar los [&hellip;]<\/p>\n","protected":false},"author":1,"featured_media":0,"parent":10,"menu_order":0,"comment_status":"closed","ping_status":"closed","template":"","meta":{"footnotes":""},"class_list":["post-434","page","type-page","status-publish","hentry"],"_hostinger_reach_plugin_has_subscription_block":false,"_hostinger_reach_plugin_is_elementor":false,"_links":{"self":[{"href":"https:\/\/escuelateologica.cl\/index.php?rest_route=\/wp\/v2\/pages\/434","targetHints":{"allow":["GET"]}}],"collection":[{"href":"https:\/\/escuelateologica.cl\/index.php?rest_route=\/wp\/v2\/pages"}],"about":[{"href":"https:\/\/escuelateologica.cl\/index.php?rest_route=\/wp\/v2\/types\/page"}],"author":[{"embeddable":true,"href":"https:\/\/escuelateologica.cl\/index.php?rest_route=\/wp\/v2\/users\/1"}],"replies":[{"embeddable":true,"href":"https:\/\/escuelateologica.cl\/index.php?rest_route=%2Fwp%2Fv2%2Fcomments&post=434"}],"version-history":[{"count":3,"href":"https:\/\/escuelateologica.cl\/index.php?rest_route=\/wp\/v2\/pages\/434\/revisions"}],"predecessor-version":[{"id":599,"href":"https:\/\/escuelateologica.cl\/index.php?rest_route=\/wp\/v2\/pages\/434\/revisions\/599"}],"up":[{"embeddable":true,"href":"https:\/\/escuelateologica.cl\/index.php?rest_route=\/wp\/v2\/pages\/10"}],"wp:attachment":[{"href":"https:\/\/escuelateologica.cl\/index.php?rest_route=%2Fwp%2Fv2%2Fmedia&parent=434"}],"curies":[{"name":"wp","href":"https:\/\/api.w.org\/{rel}","templated":true}]}}