{"id":448,"date":"2025-11-10T03:13:57","date_gmt":"2025-11-10T03:13:57","guid":{"rendered":"https:\/\/escuelateologica.cl\/?page_id=448"},"modified":"2026-02-07T02:40:10","modified_gmt":"2026-02-07T02:40:10","slug":"capellanias","status":"publish","type":"page","link":"https:\/\/escuelateologica.cl\/?page_id=448","title":{"rendered":"Capellan\u00edas"},"content":{"rendered":"\n<p><\/p>\n\n\n\n<p><\/p>\n\n\n\n<div class=\"wp-block-columns alignwide is-layout-flex wp-container-core-columns-is-layout-28f84493 wp-block-columns-is-layout-flex\">\n<div class=\"wp-block-column is-layout-flow wp-block-column-is-layout-flow\">\n<p>En la Escuela de Teolog\u00eda y Posgrado (ETP) creemos que <strong>la capellan\u00eda es una forma concreta del amor de Dios en acci\u00f3n<\/strong>. Ser capell\u00e1n no es solo una vocaci\u00f3n, sino un ministerio de acompa\u00f1amiento espiritual, escucha y consuelo en medio del sufrimiento humano. Prepararse para servir en capellan\u00edas significa <strong>formarse para entrar en los lugares donde la vida duele<\/strong>, llevando luz, esperanza y presencia pastoral con sensibilidad y discernimiento.<\/p>\n\n\n\n<p>La formaci\u00f3n en capellan\u00eda busca <strong>integrar la fe, la empat\u00eda y el conocimiento pr\u00e1ctico<\/strong>, capacitando a hombres y mujeres para acompa\u00f1ar en contextos de crisis, enfermedad, reclusi\u00f3n o vulnerabilidad. Cada programa combina el estudio teol\u00f3gico, la comprensi\u00f3n de la realidad humana y el desarrollo de habilidades pastorales que permiten responder con amor, respeto y sabidur\u00eda a las distintas necesidades del pr\u00f3jimo.<\/p>\n\n\n\n<p>En la ETP entendemos que <strong>servir como capell\u00e1n es caminar junto a las personas en sus noches m\u00e1s oscuras<\/strong>, record\u00e1ndoles que Dios no las ha abandonado y que su gracia sigue actuando incluso en medio del dolor. Por eso, formar capellanes es tambi\u00e9n formar portadores de esperanza, paz y dignidad en los lugares donde m\u00e1s se necesitan.<\/p>\n<\/div>\n<\/div>\n\n\n\n<div class=\"wp-block-columns alignwide is-layout-flex wp-container-core-columns-is-layout-28f84493 wp-block-columns-is-layout-flex\">\n<div class=\"wp-block-column is-layout-flow wp-block-column-is-layout-flow\"><\/div>\n<\/div>\n\n\n\n<div class=\"wp-block-columns alignwide is-layout-flex wp-container-core-columns-is-layout-28f84493 wp-block-columns-is-layout-flex\">\n<div class=\"wp-block-column is-layout-flow wp-block-column-is-layout-flow\">\n<div class=\"wp-block-columns is-layout-flex wp-container-core-columns-is-layout-28f84493 wp-block-columns-is-layout-flex\">\n<div class=\"wp-block-column is-layout-flow wp-block-column-is-layout-flow\">\n<p class=\"has-text-align-center\">Capellan\u00eda Hospitalaria: Acompa\u00f1amiento en tiempos de fragilidad humana<\/p>\n\n\n\n<figure class=\"wp-block-image aligncenter size-full is-resized\"><img loading=\"lazy\" decoding=\"async\" width=\"940\" height=\"788\" src=\"https:\/\/escuelateologica.cl\/wp-content\/uploads\/2025\/11\/Publicidad-etp-2026.png\" alt=\"\" class=\"wp-image-453\" style=\"width:398px;height:auto\" srcset=\"https:\/\/escuelateologica.cl\/wp-content\/uploads\/2025\/11\/Publicidad-etp-2026.png 940w, https:\/\/escuelateologica.cl\/wp-content\/uploads\/2025\/11\/Publicidad-etp-2026-300x251.png 300w, https:\/\/escuelateologica.cl\/wp-content\/uploads\/2025\/11\/Publicidad-etp-2026-768x644.png 768w\" sizes=\"auto, (max-width: 940px) 100vw, 940px\" \/><\/figure>\n<\/div>\n\n\n\n<div class=\"wp-block-column is-layout-flow wp-block-column-is-layout-flow\">\n<p class=\"has-text-align-center\">Capellan\u00eda Carcelaria: Ministerio de esperanza en contextos de reclusi\u00f3n<\/p>\n\n\n\n<figure class=\"wp-block-image aligncenter size-full is-resized\"><img loading=\"lazy\" decoding=\"async\" width=\"940\" height=\"788\" src=\"https:\/\/escuelateologica.cl\/wp-content\/uploads\/2025\/11\/Capellania-carcelaria.png\" alt=\"\" class=\"wp-image-454\" style=\"width:403px;height:auto\" srcset=\"https:\/\/escuelateologica.cl\/wp-content\/uploads\/2025\/11\/Capellania-carcelaria.png 940w, https:\/\/escuelateologica.cl\/wp-content\/uploads\/2025\/11\/Capellania-carcelaria-300x251.png 300w, https:\/\/escuelateologica.cl\/wp-content\/uploads\/2025\/11\/Capellania-carcelaria-768x644.png 768w\" sizes=\"auto, (max-width: 940px) 100vw, 940px\" \/><\/figure>\n<\/div>\n<\/div>\n<\/div>\n<\/div>\n\n\n\n<div class=\"wp-block-columns alignwide is-layout-flex wp-container-core-columns-is-layout-28f84493 wp-block-columns-is-layout-flex\">\n<div class=\"wp-block-column is-layout-flow wp-block-column-is-layout-flow\"><\/div>\n\n\n\n<div class=\"wp-block-column is-layout-flow wp-block-column-is-layout-flow\"><\/div>\n<\/div>\n\n\n\n<div class=\"wp-block-columns alignwide is-layout-flex wp-container-core-columns-is-layout-28f84493 wp-block-columns-is-layout-flex\">\n<div class=\"wp-block-column is-layout-flow wp-block-column-is-layout-flow\"><\/div>\n<\/div>\n\n\n\n<div class=\"wp-block-columns alignwide is-layout-flex wp-container-core-columns-is-layout-28f84493 wp-block-columns-is-layout-flex\">\n<div class=\"wp-block-column is-layout-flow wp-block-column-is-layout-flow\">\n<div class=\"wp-block-columns is-layout-flex wp-container-core-columns-is-layout-28f84493 wp-block-columns-is-layout-flex\">\n<div class=\"wp-block-column is-layout-flow wp-block-column-is-layout-flow\">\n<p class=\"has-text-align-center\">Capellan\u00eda: Ministerio Pastoral en Empresas<\/p>\n\n\n\n<figure class=\"wp-block-image size-full\"><img loading=\"lazy\" decoding=\"async\" width=\"940\" height=\"788\" src=\"https:\/\/escuelateologica.cl\/wp-content\/uploads\/2025\/11\/17-1.png\" alt=\"\" class=\"wp-image-457\" srcset=\"https:\/\/escuelateologica.cl\/wp-content\/uploads\/2025\/11\/17-1.png 940w, https:\/\/escuelateologica.cl\/wp-content\/uploads\/2025\/11\/17-1-300x251.png 300w, https:\/\/escuelateologica.cl\/wp-content\/uploads\/2025\/11\/17-1-768x644.png 768w\" sizes=\"auto, (max-width: 940px) 100vw, 940px\" \/><\/figure>\n<\/div>\n\n\n\n<div class=\"wp-block-column is-layout-flow wp-block-column-is-layout-flow\">\n<p class=\"has-text-align-center\">Capellan\u00eda Ministerio Pastoral en Instituciones Educativas<\/p>\n\n\n\n<figure class=\"wp-block-image size-full\"><img loading=\"lazy\" decoding=\"async\" width=\"940\" height=\"788\" src=\"https:\/\/escuelateologica.cl\/wp-content\/uploads\/2025\/11\/16.png\" alt=\"\" class=\"wp-image-455\" srcset=\"https:\/\/escuelateologica.cl\/wp-content\/uploads\/2025\/11\/16.png 940w, https:\/\/escuelateologica.cl\/wp-content\/uploads\/2025\/11\/16-300x251.png 300w, https:\/\/escuelateologica.cl\/wp-content\/uploads\/2025\/11\/16-768x644.png 768w\" sizes=\"auto, (max-width: 940px) 100vw, 940px\" \/><\/figure>\n<\/div>\n<\/div>\n<\/div>\n<\/div>\n\n\n\n<div class=\"wp-block-columns alignwide is-layout-flex wp-container-core-columns-is-layout-28f84493 wp-block-columns-is-layout-flex\">\n<div class=\"wp-block-column is-layout-flow wp-block-column-is-layout-flow\"><\/div>\n<\/div>\n\n\n\n<div class=\"wp-block-columns alignwide is-layout-flex wp-container-core-columns-is-layout-28f84493 wp-block-columns-is-layout-flex\">\n<div class=\"wp-block-column is-layout-flow wp-block-column-is-layout-flow\"><\/div>\n<\/div>\n\n\n\n<div class=\"wp-block-columns alignwide is-layout-flex wp-container-core-columns-is-layout-28f84493 wp-block-columns-is-layout-flex\">\n<div class=\"wp-block-column is-layout-flow wp-block-column-is-layout-flow\">\n<p class=\"has-text-align-center\">Formulario de Admisi\u00f3n 2026<\/p>\n\n\n\n<figure class=\"wp-block-image aligncenter size-full is-resized\"><a href=\"https:\/\/forms.gle\/giGyPvzTcZweqU7J9\"><img loading=\"lazy\" decoding=\"async\" width=\"456\" height=\"500\" src=\"https:\/\/escuelateologica.cl\/wp-content\/uploads\/2025\/11\/formulario-burdeo-1.png\" alt=\"\" class=\"wp-image-203\" style=\"width:67px;height:auto\" srcset=\"https:\/\/escuelateologica.cl\/wp-content\/uploads\/2025\/11\/formulario-burdeo-1.png 456w, https:\/\/escuelateologica.cl\/wp-content\/uploads\/2025\/11\/formulario-burdeo-1-274x300.png 274w\" sizes=\"auto, (max-width: 456px) 100vw, 456px\" \/><\/a><\/figure>\n\n\n\n<p class=\"has-text-align-center\"><a href=\"https:\/\/forms.gle\/giGyPvzTcZweqU7J9\">Matricula Aqu\u00ed<\/a><\/p>\n<\/div>\n\n\n\n<div class=\"wp-block-column is-layout-flow wp-block-column-is-layout-flow\"><\/div>\n<\/div>\n\n\n\n<p><\/p>\n","protected":false},"excerpt":{"rendered":"<p>En la Escuela de Teolog\u00eda y Posgrado (ETP) creemos que la capellan\u00eda es una forma concreta del amor de Dios en acci\u00f3n. Ser capell\u00e1n no es solo una vocaci\u00f3n, sino un ministerio de acompa\u00f1amiento espiritual, escucha y consuelo en medio del sufrimiento humano. Prepararse para servir en capellan\u00edas significa formarse para entrar en los lugares [&hellip;]<\/p>\n","protected":false},"author":1,"featured_media":0,"parent":10,"menu_order":0,"comment_status":"closed","ping_status":"closed","template":"","meta":{"footnotes":""},"class_list":["post-448","page","type-page","status-publish","hentry"],"_hostinger_reach_plugin_has_subscription_block":false,"_hostinger_reach_plugin_is_elementor":false,"_links":{"self":[{"href":"https:\/\/escuelateologica.cl\/index.php?rest_route=\/wp\/v2\/pages\/448","targetHints":{"allow":["GET"]}}],"collection":[{"href":"https:\/\/escuelateologica.cl\/index.php?rest_route=\/wp\/v2\/pages"}],"about":[{"href":"https:\/\/escuelateologica.cl\/index.php?rest_route=\/wp\/v2\/types\/page"}],"author":[{"embeddable":true,"href":"https:\/\/escuelateologica.cl\/index.php?rest_route=\/wp\/v2\/users\/1"}],"replies":[{"embeddable":true,"href":"https:\/\/escuelateologica.cl\/index.php?rest_route=%2Fwp%2Fv2%2Fcomments&post=448"}],"version-history":[{"count":3,"href":"https:\/\/escuelateologica.cl\/index.php?rest_route=\/wp\/v2\/pages\/448\/revisions"}],"predecessor-version":[{"id":602,"href":"https:\/\/escuelateologica.cl\/index.php?rest_route=\/wp\/v2\/pages\/448\/revisions\/602"}],"up":[{"embeddable":true,"href":"https:\/\/escuelateologica.cl\/index.php?rest_route=\/wp\/v2\/pages\/10"}],"wp:attachment":[{"href":"https:\/\/escuelateologica.cl\/index.php?rest_route=%2Fwp%2Fv2%2Fmedia&parent=448"}],"curies":[{"name":"wp","href":"https:\/\/api.w.org\/{rel}","templated":true}]}}