{"id":562,"date":"2025-11-19T05:04:37","date_gmt":"2025-11-19T05:04:37","guid":{"rendered":"https:\/\/escuelateologica.cl\/?page_id=562"},"modified":"2026-02-07T02:35:31","modified_gmt":"2026-02-07T02:35:31","slug":"actualizacion-ministerial","status":"publish","type":"page","link":"https:\/\/escuelateologica.cl\/?page_id=562","title":{"rendered":"Actualizaci\u00f3n Ministerial"},"content":{"rendered":"\n<div class=\"wp-block-columns alignwide is-layout-flex wp-container-core-columns-is-layout-28f84493 wp-block-columns-is-layout-flex\">\n<div class=\"wp-block-column is-layout-flow wp-block-column-is-layout-flow\">\n<p>Este proyecto est\u00e1 especialmente dise\u00f1ado para pastores, pastoras, l\u00edderes y lideresas que desean renovar sus saberes, enriquecer su pr\u00e1ctica ministerial y responder con pertinencia a los desaf\u00edos actuales de la fe cristiana. Cada diplomado ofrece una formaci\u00f3n teol\u00f3gica s\u00f3lida, herramientas pr\u00e1cticas para el servicio eclesial y espacios de reflexi\u00f3n comunitaria, con una modalidad accesible y flexible.<br>Los contenidos abarcan temas relevantes como el liderazgo pastoral, la consejer\u00eda en salud mental, la teolog\u00eda contextual, el acompa\u00f1amiento en crisis, la escatolog\u00eda, la misi\u00f3n integral y otros ejes fundamentales para el ministerio hoy. Con este programa, la ETP reafirma su vocaci\u00f3n de caminar junto a las iglesias, brindando formaci\u00f3n continua que fortalezca la vocaci\u00f3n, renueve la visi\u00f3n y despierte nuevas formas de servir con fidelidad y pasi\u00f3n en el Reino de Dios.<\/p>\n\n\n\n<div class=\"wp-block-columns is-layout-flex wp-container-core-columns-is-layout-28f84493 wp-block-columns-is-layout-flex\">\n<div class=\"wp-block-column is-layout-flow wp-block-column-is-layout-flow\">\n<figure class=\"wp-block-image size-full\"><img loading=\"lazy\" decoding=\"async\" width=\"940\" height=\"788\" src=\"https:\/\/escuelateologica.cl\/wp-content\/uploads\/2025\/11\/20.png\" alt=\"\" class=\"wp-image-563\" srcset=\"https:\/\/escuelateologica.cl\/wp-content\/uploads\/2025\/11\/20.png 940w, https:\/\/escuelateologica.cl\/wp-content\/uploads\/2025\/11\/20-300x251.png 300w, https:\/\/escuelateologica.cl\/wp-content\/uploads\/2025\/11\/20-768x644.png 768w\" sizes=\"auto, (max-width: 940px) 100vw, 940px\" \/><\/figure>\n<\/div>\n\n\n\n<div class=\"wp-block-column is-layout-flow wp-block-column-is-layout-flow\">\n<figure class=\"wp-block-image size-full\"><img loading=\"lazy\" decoding=\"async\" width=\"940\" height=\"788\" src=\"https:\/\/escuelateologica.cl\/wp-content\/uploads\/2025\/11\/19.png\" alt=\"\" class=\"wp-image-564\" srcset=\"https:\/\/escuelateologica.cl\/wp-content\/uploads\/2025\/11\/19.png 940w, https:\/\/escuelateologica.cl\/wp-content\/uploads\/2025\/11\/19-300x251.png 300w, https:\/\/escuelateologica.cl\/wp-content\/uploads\/2025\/11\/19-768x644.png 768w\" sizes=\"auto, (max-width: 940px) 100vw, 940px\" \/><\/figure>\n<\/div>\n<\/div>\n<\/div>\n<\/div>\n\n\n\n<div class=\"wp-block-columns alignwide is-layout-flex wp-container-core-columns-is-layout-28f84493 wp-block-columns-is-layout-flex\">\n<div class=\"wp-block-column is-layout-flow wp-block-column-is-layout-flow\">\n<p class=\"has-small-font-size\">Duraci\u00f3n: 4 meses<\/p>\n\n\n\n<p class=\"has-small-font-size\">Matr\u00edcula: $15.000<\/p>\n\n\n\n<p class=\"has-small-font-size\">Mensualidad: $25.000 <\/p>\n\n\n\n<div class=\"wp-block-columns is-layout-flex wp-container-core-columns-is-layout-28f84493 wp-block-columns-is-layout-flex\">\n<div class=\"wp-block-column is-layout-flow wp-block-column-is-layout-flow\"><\/div>\n\n\n\n<div class=\"wp-block-column is-layout-flow wp-block-column-is-layout-flow\"><\/div>\n<\/div>\n<\/div>\n\n\n\n<div class=\"wp-block-column is-layout-flow wp-block-column-is-layout-flow\">\n<p class=\"has-small-font-size\">Duraci\u00f3n: 4 meses<\/p>\n\n\n\n<p class=\"has-small-font-size\">Matr\u00edcula: $15.000<\/p>\n\n\n\n<p class=\"has-small-font-size\">Mensualidad: $25.000<\/p>\n<\/div>\n<\/div>\n\n\n\n<div class=\"wp-block-columns alignwide is-layout-flex wp-container-core-columns-is-layout-28f84493 wp-block-columns-is-layout-flex\">\n<div class=\"wp-block-column is-layout-flow wp-block-column-is-layout-flow\">\n<figure class=\"wp-block-image size-full\"><img loading=\"lazy\" decoding=\"async\" width=\"940\" height=\"788\" src=\"https:\/\/escuelateologica.cl\/wp-content\/uploads\/2025\/11\/21.png\" alt=\"\" class=\"wp-image-567\" srcset=\"https:\/\/escuelateologica.cl\/wp-content\/uploads\/2025\/11\/21.png 940w, https:\/\/escuelateologica.cl\/wp-content\/uploads\/2025\/11\/21-300x251.png 300w, https:\/\/escuelateologica.cl\/wp-content\/uploads\/2025\/11\/21-768x644.png 768w\" sizes=\"auto, (max-width: 940px) 100vw, 940px\" \/><\/figure>\n<\/div>\n\n\n\n<div class=\"wp-block-column is-layout-flow wp-block-column-is-layout-flow\">\n<figure class=\"wp-block-image size-full\"><img loading=\"lazy\" decoding=\"async\" width=\"940\" height=\"788\" src=\"https:\/\/escuelateologica.cl\/wp-content\/uploads\/2025\/11\/22.png\" alt=\"\" class=\"wp-image-568\" srcset=\"https:\/\/escuelateologica.cl\/wp-content\/uploads\/2025\/11\/22.png 940w, https:\/\/escuelateologica.cl\/wp-content\/uploads\/2025\/11\/22-300x251.png 300w, https:\/\/escuelateologica.cl\/wp-content\/uploads\/2025\/11\/22-768x644.png 768w\" sizes=\"auto, (max-width: 940px) 100vw, 940px\" \/><\/figure>\n<\/div>\n<\/div>\n\n\n\n<div class=\"wp-block-columns alignwide is-layout-flex wp-container-core-columns-is-layout-28f84493 wp-block-columns-is-layout-flex\">\n<div class=\"wp-block-column is-layout-flow wp-block-column-is-layout-flow\">\n<p class=\"has-small-font-size\">Duraci\u00f3n: 6 meses<\/p>\n\n\n\n<p class=\"has-small-font-size\">Matr\u00edcula: $10.000<\/p>\n\n\n\n<p class=\"has-small-font-size\">Mensualidad: $25.000<\/p>\n<\/div>\n\n\n\n<div class=\"wp-block-column is-layout-flow wp-block-column-is-layout-flow\">\n<p class=\"has-small-font-size\">Duraci\u00f3n: 5 meses<\/p>\n\n\n\n<p class=\"has-small-font-size\">Matr\u00edcula: $15.000<\/p>\n\n\n\n<p class=\"has-small-font-size\">Mensualidad: $25.000<\/p>\n<\/div>\n<\/div>\n\n\n\n<div class=\"wp-block-columns alignwide is-layout-flex wp-container-core-columns-is-layout-28f84493 wp-block-columns-is-layout-flex\">\n<div class=\"wp-block-column is-layout-flow wp-block-column-is-layout-flow\">\n<figure class=\"wp-block-image size-full\"><img loading=\"lazy\" decoding=\"async\" width=\"940\" height=\"788\" src=\"https:\/\/escuelateologica.cl\/wp-content\/uploads\/2025\/11\/23.png\" alt=\"\" class=\"wp-image-569\" srcset=\"https:\/\/escuelateologica.cl\/wp-content\/uploads\/2025\/11\/23.png 940w, https:\/\/escuelateologica.cl\/wp-content\/uploads\/2025\/11\/23-300x251.png 300w, https:\/\/escuelateologica.cl\/wp-content\/uploads\/2025\/11\/23-768x644.png 768w\" sizes=\"auto, (max-width: 940px) 100vw, 940px\" \/><\/figure>\n<\/div>\n\n\n\n<div class=\"wp-block-column is-layout-flow wp-block-column-is-layout-flow\"><\/div>\n<\/div>\n\n\n\n<div class=\"wp-block-columns alignwide is-layout-flex wp-container-core-columns-is-layout-28f84493 wp-block-columns-is-layout-flex\">\n<div class=\"wp-block-column is-layout-flow wp-block-column-is-layout-flow\">\n<p class=\"has-small-font-size\">Duraci\u00f3n: 10 meses<\/p>\n\n\n\n<p class=\"has-small-font-size\">Matr\u00edcula: $15.000<\/p>\n\n\n\n<p class=\"has-small-font-size\">Mensualidad: $25.000<\/p>\n<\/div>\n\n\n\n<div class=\"wp-block-column is-layout-flow wp-block-column-is-layout-flow\"><\/div>\n<\/div>\n\n\n\n<div class=\"wp-block-columns alignwide is-layout-flex wp-container-core-columns-is-layout-28f84493 wp-block-columns-is-layout-flex\">\n<div class=\"wp-block-column is-layout-flow wp-block-column-is-layout-flow\">\n<p class=\"has-text-align-center has-text-color has-link-color has-small-font-size wp-elements-f322af1025f3dc1abbfac27435398de9\" style=\"color:#690808\"><strong>Formulario de Admisi\u00f3n<\/strong><\/p>\n\n\n\n<figure class=\"wp-block-image aligncenter size-full is-resized\"><a href=\"https:\/\/forms.gle\/eJCa3x9k7aBS8jVAA\"><img loading=\"lazy\" decoding=\"async\" width=\"456\" height=\"500\" src=\"https:\/\/escuelateologica.cl\/wp-content\/uploads\/2025\/11\/formulario-burdeo-1.png\" alt=\"\" class=\"wp-image-203\" style=\"width:67px;height:auto\" srcset=\"https:\/\/escuelateologica.cl\/wp-content\/uploads\/2025\/11\/formulario-burdeo-1.png 456w, https:\/\/escuelateologica.cl\/wp-content\/uploads\/2025\/11\/formulario-burdeo-1-274x300.png 274w\" sizes=\"auto, (max-width: 456px) 100vw, 456px\" \/><\/a><\/figure>\n<\/div>\n\n\n\n<div class=\"wp-block-column is-layout-flow wp-block-column-is-layout-flow\"><\/div>\n<\/div>\n\n\n\n<div class=\"wp-block-columns alignwide is-layout-flex wp-container-core-columns-is-layout-28f84493 wp-block-columns-is-layout-flex\">\n<div class=\"wp-block-column is-layout-flow wp-block-column-is-layout-flow\">\n<p class=\"has-text-align-center has-text-color has-link-color has-small-font-size wp-elements-5897d309b272839a731d65dc76c5b21a\" style=\"color:#6f0707\"><strong><a href=\"https:\/\/forms.gle\/eJCa3x9k7aBS8jVAA\">Matricula Aqu\u00ed<\/a><\/strong><\/p>\n<\/div>\n\n\n\n<div class=\"wp-block-column is-layout-flow wp-block-column-is-layout-flow\"><\/div>\n<\/div>\n\n\n\n<p><\/p>\n","protected":false},"excerpt":{"rendered":"<p>Este proyecto est\u00e1 especialmente dise\u00f1ado para pastores, pastoras, l\u00edderes y lideresas que desean renovar sus saberes, enriquecer su pr\u00e1ctica ministerial y responder con pertinencia a los desaf\u00edos actuales de la fe cristiana. Cada diplomado ofrece una formaci\u00f3n teol\u00f3gica s\u00f3lida, herramientas pr\u00e1cticas para el servicio eclesial y espacios de reflexi\u00f3n comunitaria, con una modalidad accesible y [&hellip;]<\/p>\n","protected":false},"author":1,"featured_media":0,"parent":10,"menu_order":0,"comment_status":"closed","ping_status":"closed","template":"","meta":{"footnotes":""},"class_list":["post-562","page","type-page","status-publish","hentry"],"_hostinger_reach_plugin_has_subscription_block":false,"_hostinger_reach_plugin_is_elementor":false,"_links":{"self":[{"href":"https:\/\/escuelateologica.cl\/index.php?rest_route=\/wp\/v2\/pages\/562","targetHints":{"allow":["GET"]}}],"collection":[{"href":"https:\/\/escuelateologica.cl\/index.php?rest_route=\/wp\/v2\/pages"}],"about":[{"href":"https:\/\/escuelateologica.cl\/index.php?rest_route=\/wp\/v2\/types\/page"}],"author":[{"embeddable":true,"href":"https:\/\/escuelateologica.cl\/index.php?rest_route=\/wp\/v2\/users\/1"}],"replies":[{"embeddable":true,"href":"https:\/\/escuelateologica.cl\/index.php?rest_route=%2Fwp%2Fv2%2Fcomments&post=562"}],"version-history":[{"count":2,"href":"https:\/\/escuelateologica.cl\/index.php?rest_route=\/wp\/v2\/pages\/562\/revisions"}],"predecessor-version":[{"id":598,"href":"https:\/\/escuelateologica.cl\/index.php?rest_route=\/wp\/v2\/pages\/562\/revisions\/598"}],"up":[{"embeddable":true,"href":"https:\/\/escuelateologica.cl\/index.php?rest_route=\/wp\/v2\/pages\/10"}],"wp:attachment":[{"href":"https:\/\/escuelateologica.cl\/index.php?rest_route=%2Fwp%2Fv2%2Fmedia&parent=562"}],"curies":[{"name":"wp","href":"https:\/\/api.w.org\/{rel}","templated":true}]}}