{"id":606,"date":"2026-03-03T22:42:49","date_gmt":"2026-03-03T22:42:49","guid":{"rendered":"https:\/\/escuelateologica.cl\/?page_id=606"},"modified":"2026-03-04T00:02:08","modified_gmt":"2026-03-04T00:02:08","slug":"metodologia-dual-formativa-etp","status":"publish","type":"page","link":"https:\/\/escuelateologica.cl\/?page_id=606","title":{"rendered":"METODOLOG\u00cdA DUAL FORMATIVA ETP"},"content":{"rendered":"\n<p class=\"has-text-color has-link-color has-medium-font-size wp-elements-36712784d7d28a86766fe78258b62e45\" style=\"color:#760606\"><strong>Formaci\u00f3n acad\u00e9mica con vocaci\u00f3n en acci\u00f3n.<\/strong><\/p>\n\n\n\n<div class=\"wp-block-columns is-layout-flex wp-container-core-columns-is-layout-28f84493 wp-block-columns-is-layout-flex\">\n<div class=\"wp-block-column is-layout-flow wp-block-column-is-layout-flow\">\n<p class=\"has-small-font-size\">La Escuela de Teolog\u00eda y Posgrado (ETP) implementa la<strong> Metodolog\u00eda Dual Formativa ETP <\/strong>como parte esencial de su modelo educativo. Esta metodolog\u00eda integra el estudio acad\u00e9mico riguroso con la experiencia real de servicio, permitiendo que la teolog\u00eda no permanezca solo en el aula, sino que se encarne en la vida y en la comunidad.<\/p>\n\n\n\n<p class=\"has-small-font-size\">Creemos que la vocaci\u00f3n se discierne caminando, sirviendo y reflexionando. Por ello, la formaci\u00f3n dual no se concibe como una carga adicional, sino como un proceso acompa\u00f1ando que fortalece el llamado personal y la madurez espiritual.<\/p>\n<\/div>\n<\/div>\n\n\n\n<figure class=\"wp-block-image aligncenter size-full is-resized\"><img loading=\"lazy\" decoding=\"async\" width=\"689\" height=\"559\" src=\"https:\/\/escuelateologica.cl\/wp-content\/uploads\/2026\/03\/11.jpg\" alt=\"\" class=\"wp-image-620\" style=\"width:341px;height:auto\" srcset=\"https:\/\/escuelateologica.cl\/wp-content\/uploads\/2026\/03\/11.jpg 689w, https:\/\/escuelateologica.cl\/wp-content\/uploads\/2026\/03\/11-300x243.jpg 300w\" sizes=\"auto, (max-width: 689px) 100vw, 689px\" \/><\/figure>\n\n\n\n<div class=\"wp-block-columns is-layout-flex wp-container-core-columns-is-layout-28f84493 wp-block-columns-is-layout-flex\">\n<div class=\"wp-block-column is-layout-flow wp-container-core-column-is-layout-d936d9c0 wp-block-column-is-layout-flow\" style=\"padding-top:var(--wp--preset--spacing--40);padding-right:0;padding-bottom:var(--wp--preset--spacing--40);padding-left:0\"><\/div>\n<\/div>\n\n\n\n<div class=\"wp-block-columns is-layout-flex wp-container-core-columns-is-layout-28f84493 wp-block-columns-is-layout-flex\">\n<div class=\"wp-block-column is-layout-flow wp-block-column-is-layout-flow\">\n<p class=\"has-text-color has-link-color has-source-serif-pro-font-family has-medium-font-size wp-elements-5d233917ff7f4fa0dd0639afa081f487\" style=\"color:#7c0909\"><strong>\u00bfC\u00f3mo funciona?<\/strong><\/p>\n\n\n\n<p class=\"has-small-font-size\">La Metodolog\u00eda Dual Formativa se desarrolla progresivamente durante los tres primeros a\u00f1os de formaci\u00f3n.<\/p>\n\n\n\n<h3 class=\"wp-block-heading has-text-color has-link-color has-medium-font-size wp-elements-2f88e0fa11f3196e32fb33c540712a85\" style=\"color:#670808\"><strong>A\u00f1o 1 \u2013 Exploraci\u00f3n Vocacional<\/strong><\/h3>\n\n\n\n<p class=\"has-small-font-size\">El estudiante participa en espacios de servicio que le permitan conocer distintas expresiones del ministerio o acci\u00f3n comunitaria. El \u00e9nfasis est\u00e1 en observar, aprender y comenzar a discernir su vocaci\u00f3n.<\/p>\n\n\n\n<h3 class=\"wp-block-heading has-text-color has-link-color has-medium-font-size wp-elements-329e5fd93751d044755c4d69447c9671\" style=\"color:#530606\"><strong>A\u00f1o 2 \u2013 Participaci\u00f3n Activa<\/strong><\/h3>\n\n\n\n<p class=\"has-small-font-size\">El estudiante asume responsabilidades acordes a su proceso formativo, integrando los aprendizajes acad\u00e9micos con la pr\u00e1ctica ministerial o comunitaria.<\/p>\n\n\n\n<h3 class=\"wp-block-heading has-text-color has-link-color has-medium-font-size wp-elements-6314bc2fa82430a20ee7fc5cd1f3aee8\" style=\"color:#670505\"><strong>A\u00f1o 3 \u2013 Consolidaci\u00f3n Vocacional<\/strong><\/h3>\n\n\n\n<p class=\"has-small-font-size\">El estudiante desarrolla una experiencia m\u00e1s definida de servicio, integrando reflexi\u00f3n teol\u00f3gica y pr\u00e1ctica contextual, fortaleciendo claridad en su llamado.<\/p>\n<\/div>\n<\/div>\n\n\n\n<div class=\"wp-block-columns is-layout-flex wp-container-core-columns-is-layout-28f84493 wp-block-columns-is-layout-flex\">\n<div class=\"wp-block-column is-layout-flow wp-block-column-is-layout-flow\" style=\"padding-top:var(--wp--preset--spacing--40);padding-bottom:var(--wp--preset--spacing--40)\"><\/div>\n<\/div>\n\n\n\n<h2 class=\"wp-block-heading has-text-color has-link-color has-medium-font-size wp-elements-e38c48e36262b5d53e30763a93a7427b\" style=\"color:#6f0404\"><strong>\u00bfD\u00f3nde puede realizarse?<\/strong><\/h2>\n\n\n\n<p class=\"has-small-font-size\">La pr\u00e1ctica puede desarrollarse en contextos acordes al llamado personal del estudiante, tales como:<\/p>\n\n\n\n<ul class=\"wp-block-list\">\n<li class=\"has-small-font-size\">Iglesias locales<\/li>\n\n\n\n<li class=\"has-small-font-size\">Capellan\u00edas (hospitalaria, carcelaria, educativa)<\/li>\n\n\n\n<li class=\"has-small-font-size\">Proyectos comunitarios o sociales<\/li>\n\n\n\n<li class=\"has-small-font-size\">Ministerios juveniles o educativos<\/li>\n\n\n\n<li class=\"has-small-font-size\">Acompa\u00f1amiento pastoral<\/li>\n\n\n\n<li class=\"has-small-font-size\">Iniciativas de servicio y liderazgo<\/li>\n<\/ul>\n\n\n\n<p class=\"has-small-font-size\">La ETP reconoce que el llamado puede expresarse de diversas maneras, y valora cada contexto donde la teolog\u00eda se vive con fidelidad y responsabilidad.<\/p>\n\n\n\n<div class=\"wp-block-columns is-layout-flex wp-container-core-columns-is-layout-28f84493 wp-block-columns-is-layout-flex\">\n<div class=\"wp-block-column is-layout-flow wp-block-column-is-layout-flow\" style=\"padding-top:var(--wp--preset--spacing--40);padding-bottom:var(--wp--preset--spacing--40)\"><\/div>\n<\/div>\n\n\n\n<h2 class=\"wp-block-heading has-text-color has-link-color has-medium-font-size wp-elements-012ff6d17e329660a40d54e69a1cf88c\" style=\"color:#600505\"><strong>\u00bfC\u00f3mo se acompa\u00f1a?<\/strong><\/h2>\n\n\n\n<p class=\"has-small-font-size\">La experiencia dual se integra mediante instancias breves de reflexi\u00f3n formativa semestral, donde el estudiante:<\/p>\n\n\n\n<ul class=\"wp-block-list\">\n<li class=\"has-small-font-size\">Conecta lo aprendido en clases con su experiencia pr\u00e1ctica.<\/li>\n\n\n\n<li class=\"has-small-font-size\">Identifica desaf\u00edos y aprendizajes.<\/li>\n\n\n\n<li class=\"has-small-font-size\">Discierne el desarrollo de su vocaci\u00f3n.<\/li>\n<\/ul>\n\n\n\n<p class=\"has-small-font-size\">Un tutor acad\u00e9mico acompa\u00f1a este proceso mediante retroalimentaci\u00f3n formativa.<\/p>\n\n\n\n<div class=\"wp-block-columns is-layout-flex wp-container-core-columns-is-layout-28f84493 wp-block-columns-is-layout-flex\">\n<div class=\"wp-block-column is-layout-flow wp-block-column-is-layout-flow\" style=\"padding-top:var(--wp--preset--spacing--40);padding-bottom:var(--wp--preset--spacing--40)\"><\/div>\n<\/div>\n\n\n\n<h2 class=\"wp-block-heading has-text-color has-link-color has-medium-font-size wp-elements-d9cd8590a57d17df595483224bdc7ebf\" style=\"color:#700909\"><strong>\u00bfEs requisito de graduaci\u00f3n?<\/strong><\/h2>\n\n\n\n<p class=\"has-small-font-size\">S\u00ed. La Metodolog\u00eda Dual Formativa ETP forma parte del proceso integral de formaci\u00f3n y es requisito para la graduaci\u00f3n. No se eval\u00faa desde una l\u00f3gica cuantitativa estricta, sino como proceso de crecimiento y madurez vocacional.<\/p>\n\n\n\n<div class=\"wp-block-columns is-layout-flex wp-container-core-columns-is-layout-28f84493 wp-block-columns-is-layout-flex\">\n<div class=\"wp-block-column is-layout-flow wp-block-column-is-layout-flow\" style=\"padding-top:var(--wp--preset--spacing--40);padding-bottom:var(--wp--preset--spacing--40)\"><\/div>\n<\/div>\n\n\n\n<h2 class=\"wp-block-heading has-text-color has-link-color has-medium-font-size wp-elements-4c5049fc1a4fe1edd87b7852bf570a32\" style=\"color:#7c0a0a\"><strong>\u00bfPor qu\u00e9 lo hacemos?<\/strong><\/h2>\n\n\n\n<p class=\"has-small-font-size\">Porque creemos que:<\/p>\n\n\n\n<ul class=\"wp-block-list\">\n<li class=\"has-small-font-size\">La teolog\u00eda se estudia con rigor.<\/li>\n\n\n\n<li class=\"has-small-font-size\">La vocaci\u00f3n se descubre sirviendo.<\/li>\n\n\n\n<li class=\"has-small-font-size\">La fe madura cuando se encarna en la realidad.<\/li>\n<\/ul>\n\n\n\n<p class=\"has-small-font-size\">La Metodolog\u00eda Dual Formativa ETP busca formar l\u00edderes que no solo conozcan la Escritura, sino que la vivan con coherencia, responsabilidad y sensibilidad contextual.<\/p>\n\n\n\n<div class=\"wp-block-columns is-layout-flex wp-container-core-columns-is-layout-28f84493 wp-block-columns-is-layout-flex\">\n<div class=\"wp-block-column is-layout-flow wp-block-column-is-layout-flow\" style=\"padding-top:var(--wp--preset--spacing--50);padding-bottom:var(--wp--preset--spacing--50)\"><\/div>\n<\/div>\n\n\n\n<h3 class=\"wp-block-heading has-text-color has-link-color has-medium-font-size wp-elements-e9e5667d94a57c18ba5d7e78fe1ba5a6\" style=\"color:#6e0c0c\"><strong>Descubre tu vocaci\u00f3n con formaci\u00f3n s\u00f3lida y servicio real.<\/strong><\/h3>\n\n\n\n<p class=\"has-small-font-size\">En la ETP no solo estudiar\u00e1s teolog\u00eda.<br>Aprender\u00e1s a vivirla, discernir tu llamado y servir con prop\u00f3sito.<\/p>\n\n\n\n<p><\/p>\n","protected":false},"excerpt":{"rendered":"<p>Formaci\u00f3n acad\u00e9mica con vocaci\u00f3n en acci\u00f3n. La Escuela de Teolog\u00eda y Posgrado (ETP) implementa la Metodolog\u00eda Dual Formativa ETP como parte esencial de su modelo educativo. Esta metodolog\u00eda integra el estudio acad\u00e9mico riguroso con la experiencia real de servicio, permitiendo que la teolog\u00eda no permanezca solo en el aula, sino que se encarne en la [&hellip;]<\/p>\n","protected":false},"author":1,"featured_media":0,"parent":10,"menu_order":0,"comment_status":"closed","ping_status":"closed","template":"","meta":{"footnotes":""},"class_list":["post-606","page","type-page","status-publish","hentry"],"_hostinger_reach_plugin_has_subscription_block":false,"_hostinger_reach_plugin_is_elementor":false,"_links":{"self":[{"href":"https:\/\/escuelateologica.cl\/index.php?rest_route=\/wp\/v2\/pages\/606","targetHints":{"allow":["GET"]}}],"collection":[{"href":"https:\/\/escuelateologica.cl\/index.php?rest_route=\/wp\/v2\/pages"}],"about":[{"href":"https:\/\/escuelateologica.cl\/index.php?rest_route=\/wp\/v2\/types\/page"}],"author":[{"embeddable":true,"href":"https:\/\/escuelateologica.cl\/index.php?rest_route=\/wp\/v2\/users\/1"}],"replies":[{"embeddable":true,"href":"https:\/\/escuelateologica.cl\/index.php?rest_route=%2Fwp%2Fv2%2Fcomments&post=606"}],"version-history":[{"count":7,"href":"https:\/\/escuelateologica.cl\/index.php?rest_route=\/wp\/v2\/pages\/606\/revisions"}],"predecessor-version":[{"id":624,"href":"https:\/\/escuelateologica.cl\/index.php?rest_route=\/wp\/v2\/pages\/606\/revisions\/624"}],"up":[{"embeddable":true,"href":"https:\/\/escuelateologica.cl\/index.php?rest_route=\/wp\/v2\/pages\/10"}],"wp:attachment":[{"href":"https:\/\/escuelateologica.cl\/index.php?rest_route=%2Fwp%2Fv2%2Fmedia&parent=606"}],"curies":[{"name":"wp","href":"https:\/\/api.w.org\/{rel}","templated":true}]}}