{"id":92,"date":"2025-11-02T06:33:55","date_gmt":"2025-11-02T06:33:55","guid":{"rendered":"https:\/\/escuelateologica.cl\/?page_id=92"},"modified":"2025-12-02T22:45:10","modified_gmt":"2025-12-02T22:45:10","slug":"nuestra-historia","status":"publish","type":"page","link":"https:\/\/escuelateologica.cl\/?page_id=92","title":{"rendered":"Nuestra Historia"},"content":{"rendered":"\n<figure class=\"wp-block-image alignwide size-large\"><img loading=\"lazy\" decoding=\"async\" width=\"1024\" height=\"512\" src=\"https:\/\/escuelateologica.cl\/wp-content\/uploads\/2025\/11\/biblias-antiguas-1024x512.jpg\" alt=\"\" class=\"wp-image-94\" srcset=\"https:\/\/escuelateologica.cl\/wp-content\/uploads\/2025\/11\/biblias-antiguas-1024x512.jpg 1024w, https:\/\/escuelateologica.cl\/wp-content\/uploads\/2025\/11\/biblias-antiguas-300x150.jpg 300w, https:\/\/escuelateologica.cl\/wp-content\/uploads\/2025\/11\/biblias-antiguas-768x384.jpg 768w, https:\/\/escuelateologica.cl\/wp-content\/uploads\/2025\/11\/biblias-antiguas-1536x768.jpg 1536w, https:\/\/escuelateologica.cl\/wp-content\/uploads\/2025\/11\/biblias-antiguas-2048x1024.jpg 2048w\" sizes=\"auto, (max-width: 1024px) 100vw, 1024px\" \/><\/figure>\n\n\n\n<div class=\"wp-block-columns alignwide is-layout-flex wp-container-core-columns-is-layout-28f84493 wp-block-columns-is-layout-flex\">\n<div class=\"wp-block-column is-layout-flow wp-block-column-is-layout-flow\" style=\"flex-basis:100%\">\n<div class=\"wp-block-columns is-layout-flex wp-container-core-columns-is-layout-28f84493 wp-block-columns-is-layout-flex\">\n<div class=\"wp-block-column is-layout-flow wp-block-column-is-layout-flow\">\n<p class=\"has-text-align-center has-text-color has-link-color has-medium-font-size wp-elements-2181c9dc3d64b4733af6172df8c34c12\" style=\"color:#4f0505\"><strong>NUESTRA HISTORIA<\/strong><\/p>\n\n\n\n<p>La Escuela de Teolog\u00eda y Postgrado nace como una iniciativa de docentes evang\u00e9licos chilenos y latinoamericanos e interdenominacionales, con la finalidad de generar programas de diplomados y especializaci\u00f3n, para posgraduados de instituciones teol\u00f3gicas evang\u00e9licas de nuestro pa\u00eds y continente. Al ver la gran necesidad de Instituciones cristianas evang\u00e9licas que capaciten a las congregaciones y l\u00edderes de iglesias, se ampliaron los Programas de Estudios. Hoy la ETP capacita a hermanos\/as, pastores\/as y docentes de nuestras iglesias evang\u00e9licas con un nuevo nivel de ense\u00f1anza que busca desarrollar un pensamiento cr\u00edtico y pastoral para el ministerio cristiano de nuestra regi\u00f3n.<\/p>\n<\/div>\n<\/div>\n<\/div>\n<\/div>\n\n\n\n<div class=\"wp-block-group alignwide is-layout-constrained wp-block-group-is-layout-constrained\">\n<div class=\"wp-block-group alignwide is-layout-constrained wp-block-group-is-layout-constrained\">\n<div class=\"wp-block-group alignwide is-layout-constrained wp-block-group-is-layout-constrained\">\n<div class=\"wp-block-group alignwide is-layout-constrained wp-block-group-is-layout-constrained\">\n<div class=\"wp-block-group alignwide is-layout-constrained wp-block-group-is-layout-constrained\">\n<div class=\"wp-block-columns alignwide is-layout-flex wp-container-core-columns-is-layout-28f84493 wp-block-columns-is-layout-flex\">\n<div class=\"wp-block-column is-layout-flow wp-block-column-is-layout-flow\" style=\"flex-basis:100%\">\n<div class=\"wp-block-group is-layout-constrained wp-block-group-is-layout-constrained\">\n<div class=\"wp-block-columns alignwide is-layout-flex wp-container-core-columns-is-layout-28f84493 wp-block-columns-is-layout-flex\">\n<div class=\"wp-block-column is-layout-flow wp-block-column-is-layout-flow\" style=\"flex-basis:100%\"><\/div>\n<\/div>\n\n\n\n<div class=\"wp-block-columns alignwide is-layout-flex wp-container-core-columns-is-layout-28f84493 wp-block-columns-is-layout-flex\">\n<div class=\"wp-block-column is-layout-flow wp-block-column-is-layout-flow\">\n<p class=\"has-text-color has-link-color has-medium-font-size wp-elements-0f214a05e3b8054c2c50b750ce693afd\" style=\"color:#550505\"><strong><strong>Nuestro Enfoque Teol\u00f3gico y Pedag\u00f3gico<\/strong><\/strong><\/p>\n<\/div>\n<\/div>\n<\/div>\n<\/div>\n<\/div>\n<\/div>\n<\/div>\n<\/div>\n<\/div>\n<\/div>\n\n\n\n<div class=\"wp-block-columns alignwide is-layout-flex wp-container-core-columns-is-layout-28f84493 wp-block-columns-is-layout-flex\">\n<div class=\"wp-block-column is-layout-flow wp-block-column-is-layout-flow\">\n<p>La ETP opta por un enfoque teol\u00f3gico profundamente b\u00edblico, pastoral y contextual. Se inspira en la tradici\u00f3n reformada, evang\u00e9lica y latinoamericana, reconociendo el valor de los distintos aportes hist\u00f3ricos y contempor\u00e1neos a la reflexi\u00f3n cristiana. Su teolog\u00eda busca no solo informar, sino tambi\u00e9n transformar, generando pensamiento cr\u00edtico y acci\u00f3n comprometida.<\/p>\n\n\n\n<p>Pedag\u00f3gicamente, la ETP promueve un modelo centrado en el aprendizaje activo, el di\u00e1logo constante entre fe y vida, y la formaci\u00f3n integral de la persona. El aula se concibe como un espacio comunitario donde se construye conocimiento desde la experiencia, la reflexi\u00f3n y la pr\u00e1ctica, con acompa\u00f1amiento cercano del cuerpo docente y un fuerte \u00e9nfasis en la mediaci\u00f3n pedag\u00f3gica y el acompa\u00f1amiento pastoral.<\/p>\n\n\n\n<p>El modelo educativo de la ETP se basa en una visi\u00f3n integral del ser humano y en una pedagog\u00eda comprometida con la formaci\u00f3n teol\u00f3gica contextual, cr\u00edtica y transformadora. Este modelo pone en el centro al estudiante como sujeto activo del aprendizaje, acompa\u00f1ado por docentes que median el conocimiento desde una relaci\u00f3n horizontal, respetuosa y pastoral.<\/p>\n\n\n\n<div class=\"wp-block-columns is-layout-flex wp-container-core-columns-is-layout-28f84493 wp-block-columns-is-layout-flex\">\n<div class=\"wp-block-column is-layout-flow wp-block-column-is-layout-flow\">\n<p class=\"has-text-color has-link-color has-medium-font-size wp-elements-1c12887804520f168c6dba82661993a6\" style=\"color:#5d0606\"><strong>Principios del Modelo Educativo<\/strong><\/p>\n\n\n\n<ul class=\"wp-block-list\">\n<li><strong>Centralidad de la persona:<\/strong> La ETP considera que toda formaci\u00f3n debe partir del respeto por la dignidad de cada persona, su contexto y su experiencia de fe.<\/li>\n\n\n\n<li><strong>Aprendizaje significativo y cr\u00edtico:<\/strong> Los procesos de ense\u00f1anza se orientan a que el estudiante no solo adquiera contenidos, sino que los interprete, cuestione y aplique desde su realidad.<\/li>\n\n\n\n<li><strong>Articulaci\u00f3n entre teor\u00eda y pr\u00e1ctica: <\/strong>Se promueve una teolog\u00eda que nace de la pr\u00e1ctica comunitaria, y que vuelve a ella para transformarla.<\/li>\n\n\n\n<li><strong>Contextualizaci\u00f3n y encarnaci\u00f3n:<\/strong> El curr\u00edculo y las metodolog\u00edas responden a las necesidades, desaf\u00edos y b\u00fasquedas del pueblo latinoamericano.<\/li>\n\n\n\n<li><strong>Evaluaci\u00f3n formativa y \u00e9tica: <\/strong>El proceso evaluativo acompa\u00f1a al estudiante, retroalimenta su aprendizaje y valora su esfuerzo, creatividad y compromiso.<\/li>\n<\/ul>\n<\/div>\n<\/div>\n<\/div>\n<\/div>\n\n\n\n<p><\/p>\n","protected":false},"excerpt":{"rendered":"<p>NUESTRA HISTORIA La Escuela de Teolog\u00eda y Postgrado nace como una iniciativa de docentes evang\u00e9licos chilenos y latinoamericanos e interdenominacionales, con la finalidad de generar programas de diplomados y especializaci\u00f3n, para posgraduados de instituciones teol\u00f3gicas evang\u00e9licas de nuestro pa\u00eds y continente. Al ver la gran necesidad de Instituciones cristianas evang\u00e9licas que capaciten a las congregaciones [&hellip;]<\/p>\n","protected":false},"author":1,"featured_media":0,"parent":11,"menu_order":3,"comment_status":"closed","ping_status":"closed","template":"","meta":{"footnotes":""},"class_list":["post-92","page","type-page","status-publish","hentry"],"_hostinger_reach_plugin_has_subscription_block":false,"_hostinger_reach_plugin_is_elementor":false,"_links":{"self":[{"href":"https:\/\/escuelateologica.cl\/index.php?rest_route=\/wp\/v2\/pages\/92","targetHints":{"allow":["GET"]}}],"collection":[{"href":"https:\/\/escuelateologica.cl\/index.php?rest_route=\/wp\/v2\/pages"}],"about":[{"href":"https:\/\/escuelateologica.cl\/index.php?rest_route=\/wp\/v2\/types\/page"}],"author":[{"embeddable":true,"href":"https:\/\/escuelateologica.cl\/index.php?rest_route=\/wp\/v2\/users\/1"}],"replies":[{"embeddable":true,"href":"https:\/\/escuelateologica.cl\/index.php?rest_route=%2Fwp%2Fv2%2Fcomments&post=92"}],"version-history":[{"count":13,"href":"https:\/\/escuelateologica.cl\/index.php?rest_route=\/wp\/v2\/pages\/92\/revisions"}],"predecessor-version":[{"id":581,"href":"https:\/\/escuelateologica.cl\/index.php?rest_route=\/wp\/v2\/pages\/92\/revisions\/581"}],"up":[{"embeddable":true,"href":"https:\/\/escuelateologica.cl\/index.php?rest_route=\/wp\/v2\/pages\/11"}],"wp:attachment":[{"href":"https:\/\/escuelateologica.cl\/index.php?rest_route=%2Fwp%2Fv2%2Fmedia&parent=92"}],"curies":[{"name":"wp","href":"https:\/\/api.w.org\/{rel}","templated":true}]}}